{"id":12873,"date":"2025-02-20T17:25:47","date_gmt":"2025-02-20T16:25:47","guid":{"rendered":"https:\/\/indooptical.com\/vs-2drive-lenses-for-clear-precise-driving-indo-optica\/"},"modified":"2025-09-01T13:09:53","modified_gmt":"2025-09-01T11:09:53","slug":"vs-2drive","status":"publish","type":"page","link":"https:\/\/indooptical.com\/ma\/vs-2drive\/","title":{"rendered":"VS 2Drive"},"content":{"rendered":"<div class=\"wpb-content-wrapper\"><p>[vc_section full_width=&#8221;stretch_row_content&#8221; el_class=&#8221;swiper-slide&#8221;][vc_row full_width=&#8221;stretch_row_content_no_spaces&#8221;][vc_column]<div class='indo-header-wrapper'>\r\n                    <div class='header-image header-background-9002278' style='background-image: url(https:\/\/indooptical.com\/wp-content\/uploads\/2025\/01\/2drivebanner.svg);'><\/div><div class='header-overlay'><\/div><div class='header-content header_content_new'><div class='text-wrapper'><p class='header-title title-main'>VS 2Drive<\/p><p class='header-subtitle'>La solution id\u00e9ale pour une conduite en toute clart\u00e9.<br \/>\nDes verres offrant une pr\u00e9cision visuelle optimale \u00e0 tous les angles de vision, gr\u00e2ce \u00e0 la technologie Optical Transfer Module, qui minimise les aberrations de puissance et l\u2019astigmatisme.<\/p><\/div><\/div><\/div>[\/vc_column][\/vc_row][\/vc_section][vc_section full_width=&#8221;stretch_row&#8221; css=&#8221;.vc_custom_1740069213557{background: #f2f2f2 url(https:\/\/indooptical.com\/wp-content\/uploads\/2025\/02\/Fondo_V_1.png?id=2853) !important;background-position: center !important;background-repeat: no-repeat !important;background-size: cover !important;}&#8221;][vc_row][vc_column css_animation=&#8221;none&#8221;]<div class=\"spacer\"><\/div><div class='spacer display-none-mobile' style='height: 10vh;'><\/div><div class='spacer display-none-desktop' style='height: 50px;'><\/div>[\/vc_column][\/vc_row][vc_row][vc_column css_animation=&#8221;none&#8221; width=&#8221;1\/2&#8243;][vc_wp_text]<\/p>\n<p class=\"title-h2\" style=\"text-align: left;\"><span data-sheets-root=\"1\">Une conduite plus nette que jamais<\/span><\/p>\n<p>[\/vc_wp_text][\/vc_column][vc_column width=&#8221;1\/2&#8243;][\/vc_column][\/vc_row][vc_row][vc_column css_animation=&#8221;none&#8221;]<div class=\"spacer\"><\/div><div class='spacer display-none-mobile' style='height: 5vh;'><\/div><div class='spacer display-none-desktop' style='height: 25px;'><\/div>[\/vc_column][\/vc_row][vc_row equal_height=&#8221;yes&#8221; el_class=&#8221;clearer-lenses-columns&#8221;][vc_column css_animation=&#8221;none&#8221; width=&#8221;1\/3&#8243;][vc_single_image image=&#8221;3667&#8243; img_size=&#8221;full&#8221; el_class=&#8221;img_cuadrados full_i&#8221;]<div class=\"spacer\"><\/div><div class='spacer display-none-mobile' style='height: 3vh;'><\/div><div class='spacer display-none-desktop' style='height: 15px;'><\/div>[vc_wp_text]<\/p>\n<p class=\"title-h4\" style=\"text-align: left;\">Vision optimale pour la conduite<\/p>\n<p>[\/vc_wp_text][vc_wp_text]<\/p>\n<p class=\"tetx-normal\" style=\"text-align: left;\">Champs de vision larges en vision interm\u00e9diaire et de loin, pour une lecture parfaite du tableau de bord et des r\u00e9troviseurs.<\/p>\n<p>[\/vc_wp_text]<div class=\"spacer\"><\/div><div class='spacer display-none-mobile' style='height: 0vh;'><\/div><div class='spacer display-none-desktop' style='height: 25px;'><\/div>[\/vc_column][vc_column css_animation=&#8221;none&#8221; width=&#8221;1\/3&#8243;][vc_single_image image=&#8221;3664&#8243; img_size=&#8221;full&#8221; el_class=&#8221;img_cuadrados full_i&#8221;]<div class=\"spacer\"><\/div><div class='spacer display-none-mobile' style='height: 3vh;'><\/div><div class='spacer display-none-desktop' style='height: 15px;'><\/div>[vc_wp_text]<\/p>\n<p class=\"title-h4\" style=\"text-align: left;\">Vision binoculaire optimis\u00e9e<\/p>\n<p>[\/vc_wp_text][vc_wp_text]<\/p>\n<p class=\"tetx-normal\" style=\"text-align: left;\">Vision binoculaire ajust\u00e9e, am\u00e9liorant la perception des distances et optimisant la conscience spatiale.<\/p>\n<p>[\/vc_wp_text]<div class=\"spacer\"><\/div><div class='spacer display-none-mobile' style='height: 0vh;'><\/div><div class='spacer display-none-desktop' style='height: 25px;'><\/div>[\/vc_column][vc_column css_animation=&#8221;none&#8221; width=&#8221;1\/3&#8243;][vc_single_image image=&#8221;3662&#8243; img_size=&#8221;full&#8221; el_class=&#8221;img_cuadrados full_i&#8221;]<div class=\"spacer\"><\/div><div class='spacer display-none-mobile' style='height: 3vh;'><\/div><div class='spacer display-none-desktop' style='height: 15px;'><\/div>[vc_wp_text]<\/p>\n<p class=\"title-h4\" style=\"text-align: left;\">Concentration agile et confortable<\/p>\n<p>[\/vc_wp_text][vc_wp_text]<\/p>\n<p class=\"tetx-normal\" style=\"text-align: left;\">Transitions de mise au point agiles et confortables<\/p>\n<p>[\/vc_wp_text]<div class=\"spacer\"><\/div><div class='spacer display-none-mobile' style='height: 0vh;'><\/div><div class='spacer display-none-desktop' style='height: 25px;'><\/div>[\/vc_column][\/vc_row][\/vc_section][vc_row full_width=&#8221;stretch_row_content&#8221; equal_height=&#8221;yes&#8221; el_class=&#8221;zoom_rx&#8221;][vc_column css_animation=&#8221;none&#8221; width=&#8221;1\/3&#8243;]<div class=\"spacer\"><\/div><div class='spacer display-none-mobile' style='height: 10vh;'><\/div><div class='spacer display-none-desktop' style='height: 25px;'><\/div>[vc_single_image image=&#8221;2418&#8243; img_size=&#8221;full&#8221; el_class=&#8221;img_cuadrados full_i&#8221;]<div class=\"spacer\"><\/div><div class='spacer display-none-mobile' style='height: 3vh;'><\/div><div class='spacer display-none-desktop' style='height: 15px;'><\/div>[vc_wp_text]<\/p>\n<p class=\"title-h4\" style=\"text-align: center;\"><span data-sheets-root=\"1\">Verre de vision de loin<\/span><\/p>\n<p>[\/vc_wp_text][\/vc_column][vc_column width=&#8221;1\/3&#8243;]<div class=\"spacer\"><\/div><div class='spacer display-none-mobile' style='height: 10vh;'><\/div><div class='spacer display-none-desktop' style='height: 25px;'><\/div>[vc_single_image image=&#8221;2421&#8243; img_size=&#8221;full&#8221; el_class=&#8221;img_cuadrados full_i&#8221;]<div class=\"spacer\"><\/div><div class='spacer display-none-mobile' style='height: 3vh;'><\/div><div class='spacer display-none-desktop' style='height: 15px;'><\/div>[vc_wp_text]<\/p>\n<p class=\"title-h4\" style=\"text-align: center;\"><strong>VS 2Drive<\/strong><\/p>\n<p>[\/vc_wp_text][\/vc_column][vc_column width=&#8221;1\/3&#8243;]<div class=\"spacer\"><\/div><div class='spacer display-none-mobile' style='height: 10vh;'><\/div><div class='spacer display-none-desktop' style='height: 25px;'><\/div>[vc_single_image image=&#8221;2419&#8243; img_size=&#8221;full&#8221; el_class=&#8221;img_cuadrados full_i&#8221;]<div class=\"spacer\"><\/div><div class='spacer display-none-mobile' style='height: 3vh;'><\/div><div class='spacer display-none-desktop' style='height: 15px;'><\/div>[vc_wp_text]<\/p>\n<p class=\"title-h4\" style=\"text-align: center;\"><span data-sheets-root=\"1\">Verre progressif<\/span><\/p>\n<p>[\/vc_wp_text][\/vc_column][\/vc_row][vc_section full_width=&#8221;stretch_row&#8221; css=&#8221;.vc_custom_1740069221452{background-image: url(https:\/\/indooptical.com\/wp-content\/uploads\/2025\/02\/Fondo_V_3-1.png?id=2859) !important;background-position: center !important;background-repeat: no-repeat !important;background-size: cover !important;}&#8221;][vc_row][vc_column css_animation=&#8221;none&#8221;]<div class=\"spacer\"><\/div><div class='spacer display-none-mobile' style='height: 10vh;'><\/div><div class='spacer display-none-desktop' style='height: 50px;'><\/div>[\/vc_column][\/vc_row][vc_row gap=&#8221;20&#8243; equal_height=&#8221;yes&#8221; content_placement=&#8221;middle&#8221;][vc_column width=&#8221;1\/2&#8243; css=&#8221;.vc_custom_1739877730986{border-radius: 20px !important;}&#8221;][vc_single_image image=&#8221;3600&#8243; img_size=&#8221;full&#8221; alignment=&#8221;right&#8221; el_class=&#8221;full_i img_round pottencia_img&#8221;][\/vc_column][vc_column width=&#8221;1\/2&#8243;]<div class=\"spacer\"><\/div><div class='spacer display-none-mobile' style='height: 10vh;'><\/div><div class='spacer display-none-desktop' style='height: 0px;'><\/div>[vc_wp_text]<\/p>\n<p class=\"title-h3\" style=\"text-align: left;\"><span data-sheets-root=\"1\">Anticipation de la route<\/span><\/p>\n<p>[\/vc_wp_text]<div class=\"spacer\"><\/div><div class='spacer display-none-mobile' style='height: 5vh;'><\/div><div class='spacer display-none-desktop' style='height: 25px;'><\/div>[vc_wp_text]<span data-sheets-root=\"1\">D\u00e9couvrez les technologies qui optimisent le VS 2Drive pour une exp\u00e9rience de conduite plus claire et s\u00e9curis\u00e9e.<\/span>[\/vc_wp_text]<div class=\"spacer\"><\/div><div class='spacer display-none-mobile' style='height: 5vh;'><\/div><div class='spacer display-none-desktop' style='height: 25px;'><\/div>[vc_wp_text el_class=&#8221;line-custom-button&#8221;]<a class=\"custom-button\" href=\"https:\/\/indooptical.com\/ma\/innovation\/\">Voir la technologie<\/a>[\/vc_wp_text][\/vc_column][\/vc_row][vc_row][vc_column css_animation=&#8221;none&#8221;]<div class=\"spacer\"><\/div><div class='spacer display-none-mobile' style='height: 10vh;'><\/div><div class='spacer display-none-desktop' style='height: 50px;'><\/div>[\/vc_column][\/vc_row][\/vc_section][vc_section full_width=&#8221;stretch_row&#8221; content_placement=&#8221;middle&#8221; css_animation=&#8221;none&#8221; el_class=&#8221;end_footer swiper-slide&#8221; css=&#8221;.vc_custom_1740069285281{background-color: #f2f2f2 !important;}&#8221;][vc_row][vc_column css_animation=&#8221;none&#8221;]<div class=\"spacer\"><\/div><div class='spacer display-none-mobile' style='height: 10vh;'><\/div><div class='spacer display-none-desktop' style='height: 50px;'><\/div>[vc_wp_text]<\/p>\n<p class=\"title-h2\" style=\"text-align: center;\"><span data-sheets-root=\"1\">La diff\u00e9renciation, cl\u00e9 du succ\u00e8s dans votre centre.<\/span><\/p>\n<p>[\/vc_wp_text][\/vc_column][\/vc_row][vc_row full_width=&#8221;stretch_row&#8221; equal_height=&#8221;yes&#8221; el_class=&#8221;footer_end&#8221;][vc_column width=&#8221;1\/12&#8243;][\/vc_column][vc_column css_animation=&#8221;none&#8221; width=&#8221;5\/6&#8243;]<div id=\"ult-carousel-95226515869fb5d9a0f82d\" class=\"ult-carousel-wrapper  slider_home ult_horizontal\" data-gutter=\"15\" data-rtl=\"false\" ><div class=\"ult-carousel-110051490069fb5d9a0f6ca \" >[vc_row_inner][vc_column_inner width=&#8221;4\/12&#8243;][vc_single_image image=&#8221;11599&#8243; img_size=&#8221;330&#215;330&#8243; el_class=&#8221;newsletter_img&#8221;][\/vc_column_inner][vc_column_inner el_class=&#8221;newsletter_slider&#8221; width=&#8221;8\/12&#8243;][vc_wp_text]Les verres professionnels sont excellents.<br \/>\nIls s\u2019adaptent vraiment tr\u00e8s bien aux besoins individuels de chaque personne.[\/vc_wp_text]<div class=\"ult-item-wrap\" data-animation=\"animated no-animation\"><div class=\"spacer\"><\/div><div class='spacer display-none-mobile' style='height: 2vh;'><\/div><div class='spacer display-none-desktop' style='height: 10px;'><\/div><\/div>[vc_wp_text]<\/p>\n<p class=\"slider_name\" style=\"text-align: left;\">Pedro Centeno | Rn Vision (Chili)<\/p>\n<p>[\/vc_wp_text][vc_separator color=&#8221;custom&#8221; align=&#8221;align_left&#8221; el_width=&#8221;30&#8243; el_class=&#8221;separador_line&#8221;][\/vc_column_inner][\/vc_row_inner]<\/div><\/div>\t\t\t<script type=\"text\/javascript\">\n\t\t\t\tjQuery(document).ready(function ($) {\n\t\t\t\t\tif( typeof jQuery('.ult-carousel-110051490069fb5d9a0f6ca').slick == \"function\"){\n\t\t\t\t\t\t$('.ult-carousel-110051490069fb5d9a0f6ca').slick({dots: true,autoplay: true,autoplaySpeed: \"5000\",speed: \"300\",infinite: true,arrows: false,slidesToScroll:1,slidesToShow:1,swipe: true,draggable: true,touchMove: true,pauseOnHover: true,pauseOnFocus: false,responsive: [\n\t\t\t\t\t\t\t{\n\t\t\t\t\t\t\t  breakpoint: 1026,\n\t\t\t\t\t\t\t  settings: {\n\t\t\t\t\t\t\t\tslidesToShow: 1,\n\t\t\t\t\t\t\t\tslidesToScroll: 1,  \n\t\t\t\t\t\t\t  }\n\t\t\t\t\t\t\t},\n\t\t\t\t\t\t\t{\n\t\t\t\t\t\t\t  breakpoint: 1025,\n\t\t\t\t\t\t\t  settings: {\n\t\t\t\t\t\t\t\tslidesToShow: 1,\n\t\t\t\t\t\t\t\tslidesToScroll: 1\n\t\t\t\t\t\t\t  }\n\t\t\t\t\t\t\t},\n\t\t\t\t\t\t\t{\n\t\t\t\t\t\t\t  breakpoint: 760,\n\t\t\t\t\t\t\t  settings: {\n\t\t\t\t\t\t\t\tslidesToShow: 1,\n\t\t\t\t\t\t\t\tslidesToScroll: 1\n\t\t\t\t\t\t\t  }\n\t\t\t\t\t\t\t}\n\t\t\t\t\t\t],pauseOnDotsHover: true,customPaging: function(slider, i) {\n                   return '<i type=\"button\" style= \"color:#00833e;\" class=\"ultsl-record\" data-role=\"none\"><\/i>';\n                },});\n\t\t\t\t\t}\n\t\t\t\t});\n\t\t\t<\/script>\n\t\t\t[\/vc_column][vc_column width=&#8221;1\/12&#8243;][\/vc_column][\/vc_row][vc_row][vc_column]<div class=\"spacer\"><\/div><div class='spacer display-none-mobile' style='height: 4vh;'><\/div><div class='spacer display-none-desktop' style='height: 20px;'><\/div>[\/vc_column][\/vc_row][vc_row disable_element=&#8221;yes&#8221;][vc_column css_animation=&#8221;none&#8221;][vc_wp_text el_class=&#8221;title-newsletter&#8221;]<\/p>\n<p class=\"title-h2 text-light\" style=\"text-align: center;\">Subscribe to our newsletter<\/p>\n<p>[\/vc_wp_text][vc_wp_text]<\/p>\n<p class=\"tetx-normal text-light\" style=\"text-align: center;\">and be the first to know about our latest updates.<\/p>\n<p>[\/vc_wp_text][\/vc_column][\/vc_row][vc_row disable_element=&#8221;yes&#8221; el_class=&#8221;newsletter&#8221;][vc_column css_animation=&#8221;none&#8221;]\n<div class=\"wpcf7 no-js\" id=\"wpcf7-f12976-o1\" lang=\"ma\" dir=\"ltr\" data-wpcf7-id=\"12976\">\n<div class=\"screen-reader-response\"><p role=\"status\" aria-live=\"polite\" aria-atomic=\"true\"><\/p> <ul><\/ul><\/div>\n<form action=\"\/ma\/wp-json\/wp\/v2\/pages\/12873#wpcf7-f12976-o1\" method=\"post\" class=\"wpcf7-form init\" aria-label=\"Contact form\" novalidate=\"novalidate\" data-status=\"init\">\n<fieldset class=\"hidden-fields-container\"><input type=\"hidden\" name=\"_wpcf7\" value=\"12976\" \/><input type=\"hidden\" name=\"_wpcf7_version\" value=\"6.1.5\" \/><input type=\"hidden\" name=\"_wpcf7_locale\" value=\"ma\" \/><input type=\"hidden\" name=\"_wpcf7_unit_tag\" value=\"wpcf7-f12976-o1\" \/><input type=\"hidden\" name=\"_wpcf7_container_post\" value=\"0\" \/><input type=\"hidden\" name=\"_wpcf7_posted_data_hash\" value=\"\" \/><input type=\"hidden\" name=\"_wpcf7_recaptcha_response\" value=\"\" \/>\n<\/fieldset>\n<div class=\"custom-form-suscripcion\">\n\t<p><span class=\"wpcf7-form-control-wrap\" data-name=\"email\"><input size=\"40\" maxlength=\"400\" class=\"wpcf7-form-control wpcf7-text wpcf7-validates-as-required\" aria-required=\"true\" aria-invalid=\"false\" placeholder=\"Entrez votre adresse email\" value=\"\" type=\"text\" name=\"email\" \/><\/span><br \/>\n<input class=\"wpcf7-form-control wpcf7-submit has-spinner\" type=\"submit\" value=\"S&#039;abonner\" \/>\n\t<\/p>\n<\/div><div class=\"wpcf7-response-output\" aria-hidden=\"true\"><\/div>\n<\/form>\n<\/div>\n[\/vc_column][\/vc_row][vc_row][vc_column]<div class=\"spacer\"><\/div><div class='spacer display-none-mobile' style='height: 4vh;'><\/div><div class='spacer display-none-desktop' style='height: 20px;'><\/div>[\/vc_column][\/vc_row][\/vc_section]<\/p>\n<\/div>","protected":false},"excerpt":{"rendered":"<p>[vc_section full_width=&#8221;stretch_row_content&#8221; el_class=&#8221;swiper-slide&#8221;][vc_row full_width=&#8221;stretch_row_content_no_spaces&#8221;][vc_column][\/vc_column][\/vc_row][\/vc_section][vc_section full_width=&#8221;stretch_row&#8221; css=&#8221;.vc_custom_1740069213557{background: #f2f2f2 url(https:\/\/indooptical.com\/wp-content\/uploads\/2025\/02\/Fondo_V_1.png?id=2853) !important;background-position: center !important;background-repeat: no-repeat !important;background-size: cover !important;}&#8221;][vc_row][vc_column css_animation=&#8221;none&#8221;][\/vc_column][\/vc_row][vc_row][vc_column css_animation=&#8221;none&#8221; width=&#8221;1\/2&#8243;][vc_wp_text] Une conduite plus nette que jamais [\/vc_wp_text][\/vc_column][vc_column width=&#8221;1\/2&#8243;][\/vc_column][\/vc_row][vc_row][vc_column css_animation=&#8221;none&#8221;][\/vc_column][\/vc_row][vc_row equal_height=&#8221;yes&#8221; el_class=&#8221;clearer-lenses-columns&#8221;][vc_column css_animation=&#8221;none&#8221; width=&#8221;1\/3&#8243;][vc_single_image image=&#8221;3667&#8243; img_size=&#8221;full&#8221; el_class=&#8221;img_cuadrados full_i&#8221;][vc_wp_text] Vision optimale pour la conduite [\/vc_wp_text][vc_wp_text] Champs de vision larges en vision interm\u00e9diaire et de loin, pour une lecture parfaite [&hellip;]<\/p>\n","protected":false},"author":1,"featured_media":0,"parent":0,"menu_order":0,"comment_status":"closed","ping_status":"closed","template":"","meta":{"_acf_changed":false,"footnotes":""},"class_list":["post-12873","page","type-page","status-publish","hentry"],"acf":[],"yoast_head":"<!-- This site is optimized with the Yoast SEO plugin v27.4 - https:\/\/yoast.com\/product\/yoast-seo-wordpress\/ -->\n<title>VS 2Drive - Indo<\/title>\n<meta name=\"description\" content=\"VS 2Drive by Indo Optical: lenses designed for optimal visual precision at all angles, reducing aberrations and astigmatism for safer, clearer driving\" \/>\n<meta name=\"robots\" content=\"index, follow, max-snippet:-1, max-image-preview:large, max-video-preview:-1\" \/>\n<link rel=\"canonical\" href=\"https:\/\/indooptical.com\/ma\/vs-2drive\/\" \/>\n<meta property=\"og:locale\" content=\"en_US\" \/>\n<meta property=\"og:type\" content=\"article\" \/>\n<meta property=\"og:title\" content=\"VS 2Drive - Indo\" \/>\n<meta property=\"og:description\" content=\"VS 2Drive by Indo Optical: lenses designed for optimal visual precision at all angles, reducing aberrations and astigmatism for safer, clearer driving\" \/>\n<meta property=\"og:url\" content=\"https:\/\/indooptical.com\/ma\/vs-2drive\/\" \/>\n<meta property=\"og:site_name\" content=\"Indo\" \/>\n<meta property=\"article:modified_time\" content=\"2025-09-01T11:09:53+00:00\" \/>\n<meta name=\"twitter:card\" content=\"summary_large_image\" \/>\n<meta name=\"twitter:label1\" content=\"Est. reading time\" \/>\n\t<meta name=\"twitter:data1\" content=\"2 minutes\" \/>\n<script type=\"application\/ld+json\" class=\"yoast-schema-graph\">{\"@context\":\"https:\\\/\\\/schema.org\",\"@graph\":[{\"@type\":\"WebPage\",\"@id\":\"https:\\\/\\\/indooptical.com\\\/ma\\\/vs-2drive\\\/\",\"url\":\"https:\\\/\\\/indooptical.com\\\/ma\\\/vs-2drive\\\/\",\"name\":\"VS 2Drive - Indo\",\"isPartOf\":{\"@id\":\"https:\\\/\\\/indooptical.com\\\/es\\\/#website\"},\"datePublished\":\"2025-02-20T16:25:47+00:00\",\"dateModified\":\"2025-09-01T11:09:53+00:00\",\"description\":\"VS 2Drive by Indo Optical: lenses designed for optimal visual precision at all angles, reducing aberrations and astigmatism for safer, clearer driving\",\"breadcrumb\":{\"@id\":\"https:\\\/\\\/indooptical.com\\\/ma\\\/vs-2drive\\\/#breadcrumb\"},\"inLanguage\":\"ma\",\"potentialAction\":[{\"@type\":\"ReadAction\",\"target\":[\"https:\\\/\\\/indooptical.com\\\/ma\\\/vs-2drive\\\/\"]}]},{\"@type\":\"BreadcrumbList\",\"@id\":\"https:\\\/\\\/indooptical.com\\\/ma\\\/vs-2drive\\\/#breadcrumb\",\"itemListElement\":[{\"@type\":\"ListItem\",\"position\":1,\"name\":\"Home\",\"item\":\"https:\\\/\\\/indooptical.com\\\/ma\\\/\"},{\"@type\":\"ListItem\",\"position\":2,\"name\":\"VS 2Drive\"}]},{\"@type\":\"WebSite\",\"@id\":\"https:\\\/\\\/indooptical.com\\\/es\\\/#website\",\"url\":\"https:\\\/\\\/indooptical.com\\\/es\\\/\",\"name\":\"Indo\",\"description\":\"\",\"potentialAction\":[{\"@type\":\"SearchAction\",\"target\":{\"@type\":\"EntryPoint\",\"urlTemplate\":\"https:\\\/\\\/indooptical.com\\\/es\\\/?s={search_term_string}\"},\"query-input\":{\"@type\":\"PropertyValueSpecification\",\"valueRequired\":true,\"valueName\":\"search_term_string\"}}],\"inLanguage\":\"ma\"}]}<\/script>\n<!-- \/ Yoast SEO plugin. -->","yoast_head_json":{"title":"VS 2Drive - Indo","description":"VS 2Drive by Indo Optical: lenses designed for optimal visual precision at all angles, reducing aberrations and astigmatism for safer, clearer driving","robots":{"index":"index","follow":"follow","max-snippet":"max-snippet:-1","max-image-preview":"max-image-preview:large","max-video-preview":"max-video-preview:-1"},"canonical":"https:\/\/indooptical.com\/ma\/vs-2drive\/","og_locale":"en_US","og_type":"article","og_title":"VS 2Drive - Indo","og_description":"VS 2Drive by Indo Optical: lenses designed for optimal visual precision at all angles, reducing aberrations and astigmatism for safer, clearer driving","og_url":"https:\/\/indooptical.com\/ma\/vs-2drive\/","og_site_name":"Indo","article_modified_time":"2025-09-01T11:09:53+00:00","twitter_card":"summary_large_image","twitter_misc":{"Est. reading time":"2 minutes"},"schema":{"@context":"https:\/\/schema.org","@graph":[{"@type":"WebPage","@id":"https:\/\/indooptical.com\/ma\/vs-2drive\/","url":"https:\/\/indooptical.com\/ma\/vs-2drive\/","name":"VS 2Drive - Indo","isPartOf":{"@id":"https:\/\/indooptical.com\/es\/#website"},"datePublished":"2025-02-20T16:25:47+00:00","dateModified":"2025-09-01T11:09:53+00:00","description":"VS 2Drive by Indo Optical: lenses designed for optimal visual precision at all angles, reducing aberrations and astigmatism for safer, clearer driving","breadcrumb":{"@id":"https:\/\/indooptical.com\/ma\/vs-2drive\/#breadcrumb"},"inLanguage":"ma","potentialAction":[{"@type":"ReadAction","target":["https:\/\/indooptical.com\/ma\/vs-2drive\/"]}]},{"@type":"BreadcrumbList","@id":"https:\/\/indooptical.com\/ma\/vs-2drive\/#breadcrumb","itemListElement":[{"@type":"ListItem","position":1,"name":"Home","item":"https:\/\/indooptical.com\/ma\/"},{"@type":"ListItem","position":2,"name":"VS 2Drive"}]},{"@type":"WebSite","@id":"https:\/\/indooptical.com\/es\/#website","url":"https:\/\/indooptical.com\/es\/","name":"Indo","description":"","potentialAction":[{"@type":"SearchAction","target":{"@type":"EntryPoint","urlTemplate":"https:\/\/indooptical.com\/es\/?s={search_term_string}"},"query-input":{"@type":"PropertyValueSpecification","valueRequired":true,"valueName":"search_term_string"}}],"inLanguage":"ma"}]}},"_links":{"self":[{"href":"https:\/\/indooptical.com\/ma\/wp-json\/wp\/v2\/pages\/12873","targetHints":{"allow":["GET"]}}],"collection":[{"href":"https:\/\/indooptical.com\/ma\/wp-json\/wp\/v2\/pages"}],"about":[{"href":"https:\/\/indooptical.com\/ma\/wp-json\/wp\/v2\/types\/page"}],"author":[{"embeddable":true,"href":"https:\/\/indooptical.com\/ma\/wp-json\/wp\/v2\/users\/1"}],"replies":[{"embeddable":true,"href":"https:\/\/indooptical.com\/ma\/wp-json\/wp\/v2\/comments?post=12873"}],"version-history":[{"count":2,"href":"https:\/\/indooptical.com\/ma\/wp-json\/wp\/v2\/pages\/12873\/revisions"}],"predecessor-version":[{"id":20392,"href":"https:\/\/indooptical.com\/ma\/wp-json\/wp\/v2\/pages\/12873\/revisions\/20392"}],"wp:attachment":[{"href":"https:\/\/indooptical.com\/ma\/wp-json\/wp\/v2\/media?parent=12873"}],"curies":[{"name":"wp","href":"https:\/\/api.w.org\/{rel}","templated":true}]}}