{"id":12763,"date":"2025-04-08T15:26:07","date_gmt":"2025-04-08T13:26:07","guid":{"rendered":"https:\/\/indooptical.com\/legal\/"},"modified":"2025-11-13T15:23:33","modified_gmt":"2025-11-13T14:23:33","slug":"legal","status":"publish","type":"page","link":"https:\/\/indooptical.com\/ma\/legal\/","title":{"rendered":"Legal Notice"},"content":{"rendered":"<div class=\"wpb-content-wrapper\"><p>[vc_row][vc_column]<div class=\"spacer\"><\/div><div class='spacer display-none-mobile' style='height: 15vh;'><\/div><div class='spacer display-none-desktop' style='height: 75px;'><\/div>[\/vc_column][\/vc_row][vc_row][vc_column][vc_wp_text]<\/p>\n<p class=\"title-h2\" style=\"text-align: left;\">Mentions l\u00e9gales<\/p>\n<p>[\/vc_wp_text][\/vc_column][\/vc_row][vc_row][vc_column][vc_wp_text]Ce site web est la propri\u00e9t\u00e9 de INDO OPTICAL, S.L.U., avec le num\u00e9ro d\u2019identification fiscale B66232976 et dont le si\u00e8ge social est situ\u00e9 Avda. Alcalde Barnils 72 08174 Sant Cugat del Vall\u00e9s (BARCELONE). La soci\u00e9t\u00e9 est inscrite au Registre du Commerce de MADRID, Volume 36.641, Folio 185, Section 8, Page M-4657291.<\/p>\n<p>&nbsp;<\/p>\n<p>Pour toute question ou proposition, veuillez nous contacter par e-mail : info@indo.es<\/p>\n<p>&nbsp;<\/p>\n<p>Ce site web est r\u00e9gi exclusivement par la r\u00e9glementation applicable en Espagne, \u00e0 laquelle sont soumis tant les utilisateurs nationaux qu\u2019\u00e9trangers qui l\u2019utilisent.<\/p>\n<p>&nbsp;<\/p>\n<p>L\u2019acc\u00e8s \u00e0 notre site web par l\u2019UTILISATEUR est gratuit et soumis \u00e0 la lecture pr\u00e9alable, compl\u00e8te, expresse et sans r\u00e9serve des pr\u00e9sentes CONDITIONS G\u00c9N\u00c9RALES D\u2019UTILISATION en vigueur au moment de l\u2019acc\u00e8s, que nous vous demandons de lire attentivement. L\u2019UTILISATEUR, en utilisant notre portail, ses contenus ou ses services, accepte express\u00e9ment et se soumet \u00e0 ses conditions g\u00e9n\u00e9rales. Si l\u2019utilisateur n\u2019accepte pas ces conditions d\u2019utilisation, il doit s\u2019abstenir d\u2019utiliser ce portail ou d\u2019y naviguer.<\/p>\n<p>&nbsp;<\/p>\n<p>Nous pouvons modifier la pr\u00e9sentation et la configuration de notre site web \u00e0 tout moment, afin de maintenir les informations \u00e0 jour, corriger les contenus publi\u00e9s, \u00e9largir ou r\u00e9duire les services, et m\u00eame le retirer du r\u00e9seau, ainsi que les services et contenus fournis, le tout de mani\u00e8re unilat\u00e9rale et sans pr\u00e9avis.[\/vc_wp_text]<div class=\"ult-spacer spacer-69fb6bee65015\" data-id=\"69fb6bee65015\" data-height=\"30\" data-height-mobile=\"30\" data-height-tab=\"30\" data-height-tab-portrait=\"\" data-height-mobile-landscape=\"\" style=\"clear:both;display:block;\"><\/div>[\/vc_column][\/vc_row][vc_row][vc_column][vc_wp_text]A. PROPRI\u00c9T\u00c9 INTELLECTUELLE ET INDUSTRIELLE[\/vc_wp_text][vc_wp_text]Tous les contenus, textes, images, marques et codes sources sont notre propri\u00e9t\u00e9 ou celle de tiers dont les droits d\u2019exploitation ont \u00e9t\u00e9 acquis, et sont prot\u00e9g\u00e9s par les droits correspondants de Propri\u00e9t\u00e9 Intellectuelle et Industrielle.<\/p>\n<p>&nbsp;<\/p>\n<p>L\u2019utilisateur n\u2019a droit qu\u2019\u00e0 un usage priv\u00e9 et non lucratif de ces \u00e9l\u00e9ments, et toute modification, reproduction, exploitation, distribution ou exercice d\u2019un droit appartenant au titulaire n\u00e9cessite une autorisation expresse. Il est interdit de supprimer, contourner et\/ou manipuler les droits d\u2019auteur ainsi que les dispositifs de protection technique ou tout m\u00e9canisme d\u2019information pouvant figurer dans les contenus. L\u2019Utilisateur de ce site web s\u2019engage \u00e0 respecter les droits susmentionn\u00e9s et \u00e0 \u00e9viter toute action susceptible de les endommager. Dans tous les cas, l\u2019entreprise se r\u00e9serve le droit d\u2019exercer tous les moyens ou actions l\u00e9gales n\u00e9cessaires pour d\u00e9fendre ses droits l\u00e9gitimes de propri\u00e9t\u00e9 intellectuelle et industrielle.[\/vc_wp_text]<div class=\"ult-spacer spacer-69fb6bee6503f\" data-id=\"69fb6bee6503f\" data-height=\"30\" data-height-mobile=\"30\" data-height-tab=\"30\" data-height-tab-portrait=\"\" data-height-mobile-landscape=\"\" style=\"clear:both;display:block;\"><\/div>[\/vc_column][\/vc_row][vc_row][vc_column][vc_wp_text]<\/p>\n<p class=\"title-h4\" style=\"text-align: left;\">B. CONDITIONS D\u2019ACC\u00c8S<\/p>\n<p>[\/vc_wp_text][vc_wp_text]L\u2019acc\u00e8s \u00e0 notre site web est gratuit et ne n\u00e9cessite ni abonnement ni inscription pr\u00e9alable.<\/p>\n<p>&nbsp;<\/p>\n<p>L\u2019envoi de donn\u00e9es personnelles implique l\u2019acceptation expresse par l\u2019UTILISATEUR de notre politique de confidentialit\u00e9.<\/p>\n<p>&nbsp;<\/p>\n<p>L\u2019utilisateur doit acc\u00e9der \u00e0 notre site conform\u00e9ment \u00e0 la bonne foi, aux r\u00e8gles d\u2019ordre public et aux pr\u00e9sentes Conditions G\u00e9n\u00e9rales d\u2019Utilisation. L\u2019acc\u00e8s \u00e0 notre site web se fait sous l\u2019enti\u00e8re et exclusive responsabilit\u00e9 de l\u2019utilisateur, qui sera responsable des dommages pouvant \u00eatre caus\u00e9s \u00e0 des tiers ou \u00e0 nous-m\u00eames.<\/p>\n<p>&nbsp;<\/p>\n<p>Compte tenu de l\u2019impossibilit\u00e9 de contr\u00f4ler les informations, contenus et services des autres sites web accessibles via les liens pr\u00e9sents sur notre site, nous vous informons que nous d\u00e9clinons toute responsabilit\u00e9 pour les dommages de toute nature pouvant r\u00e9sulter de l\u2019utilisation de ces sites externes par l\u2019utilisateur. De m\u00eame, nous ne sommes pas responsables de la l\u00e9galit\u00e9 des sites web tiers \u00e0 partir desquels l\u2019acc\u00e8s \u00e0 notre site peut \u00eatre effectu\u00e9.[\/vc_wp_text]<div class=\"ult-spacer spacer-69fb6bee6505e\" data-id=\"69fb6bee6505e\" data-height=\"30\" data-height-mobile=\"30\" data-height-tab=\"30\" data-height-tab-portrait=\"\" data-height-mobile-landscape=\"\" style=\"clear:both;display:block;\"><\/div>[\/vc_column][\/vc_row][vc_row][vc_column][vc_wp_text]<\/p>\n<p class=\"title-h4\" style=\"text-align: left;\">C. RESPONSABILIT\u00c9<\/p>\n<p>[\/vc_wp_text][vc_wp_text]En mettant ce site web \u00e0 la disposition de l\u2019utilisateur, nous souhaitons offrir un service de qualit\u00e9 en appliquant la plus grande diligence dans sa prestation et dans les moyens technologiques utilis\u00e9s. Toutefois, nous ne pouvons \u00eatre tenus responsables de la pr\u00e9sence de virus ou d&#8217;autres \u00e9l\u00e9ments susceptibles d\u2019endommager le syst\u00e8me informatique de l\u2019utilisateur.<\/p>\n<p>&nbsp;<\/p>\n<p>Nous ne garantissons pas que la disponibilit\u00e9 du service sera continue et ininterrompue.<\/p>\n<p>&nbsp;<\/p>\n<p>Toute action de l\u2019UTILISATEUR sur notre site web provoquant une surcharge excessive de nos syst\u00e8mes informatiques, ainsi que l\u2019introduction de virus, l\u2019installation de robots ou de logiciels alt\u00e9rant le fonctionnement normal de notre site, ou pouvant causer tout type de dommage \u00e0 nos syst\u00e8mes informatiques, est formellement interdite.<\/p>\n<p>&nbsp;<\/p>\n<p>L\u2019UTILISATEUR assume l\u2019enti\u00e8re responsabilit\u00e9 r\u00e9sultant de l\u2019utilisation de notre site web.<\/p>\n<p>&nbsp;<\/p>\n<p>L\u2019UTILISATEUR reconna\u00eet avoir compris toutes les informations relatives aux conditions d\u2019utilisation de notre portail et reconna\u00eet qu\u2019elles sont suffisantes pour exclure toute erreur \u00e0 leur sujet, les acceptant donc express\u00e9ment et int\u00e9gralement.[\/vc_wp_text]<div class=\"ult-spacer spacer-69fb6bee6507a\" data-id=\"69fb6bee6507a\" data-height=\"30\" data-height-mobile=\"30\" data-height-tab=\"30\" data-height-tab-portrait=\"\" data-height-mobile-landscape=\"\" style=\"clear:both;display:block;\"><\/div>[\/vc_column][\/vc_row]<\/p>\n<style>\r\n            html body,\r\n            html body section.vc_section.end_footer{\r\n                background: #131314 !important;\r\n            }\r\n            html body .main-fluid *{\r\n                color: white !important;\r\n            }\r\n            <\/style><\/div>","protected":false},"excerpt":{"rendered":"<p>[vc_row][vc_column][\/vc_column][\/vc_row][vc_row][vc_column][vc_wp_text] Mentions l\u00e9gales [\/vc_wp_text][\/vc_column][\/vc_row][vc_row][vc_column][vc_wp_text]Ce site web est la propri\u00e9t\u00e9 de INDO OPTICAL, S.L.U., avec le num\u00e9ro d\u2019identification fiscale B66232976 et dont le si\u00e8ge social est situ\u00e9 Avda. Alcalde Barnils 72 08174 Sant Cugat del Vall\u00e9s (BARCELONE). La soci\u00e9t\u00e9 est inscrite au Registre du Commerce de MADRID, Volume 36.641, Folio 185, Section 8, Page M-4657291. &nbsp; [&hellip;]<\/p>\n","protected":false},"author":1,"featured_media":0,"parent":0,"menu_order":0,"comment_status":"closed","ping_status":"open","template":"","meta":{"_acf_changed":false,"footnotes":""},"class_list":["post-12763","page","type-page","status-publish","hentry"],"acf":[],"yoast_head":"<!-- This site is optimized with the Yoast SEO plugin v27.4 - https:\/\/yoast.com\/product\/yoast-seo-wordpress\/ -->\n<title>Legal Notice - Indo<\/title>\n<meta name=\"robots\" content=\"index, follow, max-snippet:-1, max-image-preview:large, max-video-preview:-1\" \/>\n<link rel=\"canonical\" href=\"https:\/\/indooptical.com\/ma\/legal\/\" \/>\n<meta property=\"og:locale\" content=\"en_US\" \/>\n<meta property=\"og:type\" content=\"article\" \/>\n<meta property=\"og:title\" content=\"Legal Notice - Indo\" \/>\n<meta property=\"og:description\" content=\"[vc_row][vc_column][\/vc_column][\/vc_row][vc_row][vc_column][vc_wp_text] Mentions l\u00e9gales [\/vc_wp_text][\/vc_column][\/vc_row][vc_row][vc_column][vc_wp_text]Ce site web est la propri\u00e9t\u00e9 de INDO OPTICAL, S.L.U., avec le num\u00e9ro d\u2019identification fiscale B66232976 et dont le si\u00e8ge social est situ\u00e9 Avda. Alcalde Barnils 72 08174 Sant Cugat del Vall\u00e9s (BARCELONE). La soci\u00e9t\u00e9 est inscrite au Registre du Commerce de MADRID, Volume 36.641, Folio 185, Section 8, Page M-4657291. &nbsp; [&hellip;]\" \/>\n<meta property=\"og:url\" content=\"https:\/\/indooptical.com\/ma\/legal\/\" \/>\n<meta property=\"og:site_name\" content=\"Indo\" \/>\n<meta property=\"article:modified_time\" content=\"2025-11-13T14:23:33+00:00\" \/>\n<meta name=\"twitter:card\" content=\"summary_large_image\" \/>\n<meta name=\"twitter:label1\" content=\"Est. reading time\" \/>\n\t<meta name=\"twitter:data1\" content=\"4 minutes\" \/>\n<script type=\"application\/ld+json\" class=\"yoast-schema-graph\">{\"@context\":\"https:\\\/\\\/schema.org\",\"@graph\":[{\"@type\":\"WebPage\",\"@id\":\"https:\\\/\\\/indooptical.com\\\/ma\\\/legal\\\/\",\"url\":\"https:\\\/\\\/indooptical.com\\\/ma\\\/legal\\\/\",\"name\":\"Legal Notice - Indo\",\"isPartOf\":{\"@id\":\"https:\\\/\\\/indooptical.com\\\/es\\\/#website\"},\"datePublished\":\"2025-04-08T13:26:07+00:00\",\"dateModified\":\"2025-11-13T14:23:33+00:00\",\"breadcrumb\":{\"@id\":\"https:\\\/\\\/indooptical.com\\\/ma\\\/legal\\\/#breadcrumb\"},\"inLanguage\":\"ma\",\"potentialAction\":[{\"@type\":\"ReadAction\",\"target\":[\"https:\\\/\\\/indooptical.com\\\/ma\\\/legal\\\/\"]}]},{\"@type\":\"BreadcrumbList\",\"@id\":\"https:\\\/\\\/indooptical.com\\\/ma\\\/legal\\\/#breadcrumb\",\"itemListElement\":[{\"@type\":\"ListItem\",\"position\":1,\"name\":\"Home\",\"item\":\"https:\\\/\\\/indooptical.com\\\/ma\\\/\"},{\"@type\":\"ListItem\",\"position\":2,\"name\":\"Legal Notice\"}]},{\"@type\":\"WebSite\",\"@id\":\"https:\\\/\\\/indooptical.com\\\/es\\\/#website\",\"url\":\"https:\\\/\\\/indooptical.com\\\/es\\\/\",\"name\":\"Indo\",\"description\":\"\",\"potentialAction\":[{\"@type\":\"SearchAction\",\"target\":{\"@type\":\"EntryPoint\",\"urlTemplate\":\"https:\\\/\\\/indooptical.com\\\/es\\\/?s={search_term_string}\"},\"query-input\":{\"@type\":\"PropertyValueSpecification\",\"valueRequired\":true,\"valueName\":\"search_term_string\"}}],\"inLanguage\":\"ma\"}]}<\/script>\n<!-- \/ Yoast SEO plugin. -->","yoast_head_json":{"title":"Legal Notice - Indo","robots":{"index":"index","follow":"follow","max-snippet":"max-snippet:-1","max-image-preview":"max-image-preview:large","max-video-preview":"max-video-preview:-1"},"canonical":"https:\/\/indooptical.com\/ma\/legal\/","og_locale":"en_US","og_type":"article","og_title":"Legal Notice - Indo","og_description":"[vc_row][vc_column][\/vc_column][\/vc_row][vc_row][vc_column][vc_wp_text] Mentions l\u00e9gales [\/vc_wp_text][\/vc_column][\/vc_row][vc_row][vc_column][vc_wp_text]Ce site web est la propri\u00e9t\u00e9 de INDO OPTICAL, S.L.U., avec le num\u00e9ro d\u2019identification fiscale B66232976 et dont le si\u00e8ge social est situ\u00e9 Avda. Alcalde Barnils 72 08174 Sant Cugat del Vall\u00e9s (BARCELONE). La soci\u00e9t\u00e9 est inscrite au Registre du Commerce de MADRID, Volume 36.641, Folio 185, Section 8, Page M-4657291. &nbsp; [&hellip;]","og_url":"https:\/\/indooptical.com\/ma\/legal\/","og_site_name":"Indo","article_modified_time":"2025-11-13T14:23:33+00:00","twitter_card":"summary_large_image","twitter_misc":{"Est. reading time":"4 minutes"},"schema":{"@context":"https:\/\/schema.org","@graph":[{"@type":"WebPage","@id":"https:\/\/indooptical.com\/ma\/legal\/","url":"https:\/\/indooptical.com\/ma\/legal\/","name":"Legal Notice - Indo","isPartOf":{"@id":"https:\/\/indooptical.com\/es\/#website"},"datePublished":"2025-04-08T13:26:07+00:00","dateModified":"2025-11-13T14:23:33+00:00","breadcrumb":{"@id":"https:\/\/indooptical.com\/ma\/legal\/#breadcrumb"},"inLanguage":"ma","potentialAction":[{"@type":"ReadAction","target":["https:\/\/indooptical.com\/ma\/legal\/"]}]},{"@type":"BreadcrumbList","@id":"https:\/\/indooptical.com\/ma\/legal\/#breadcrumb","itemListElement":[{"@type":"ListItem","position":1,"name":"Home","item":"https:\/\/indooptical.com\/ma\/"},{"@type":"ListItem","position":2,"name":"Legal Notice"}]},{"@type":"WebSite","@id":"https:\/\/indooptical.com\/es\/#website","url":"https:\/\/indooptical.com\/es\/","name":"Indo","description":"","potentialAction":[{"@type":"SearchAction","target":{"@type":"EntryPoint","urlTemplate":"https:\/\/indooptical.com\/es\/?s={search_term_string}"},"query-input":{"@type":"PropertyValueSpecification","valueRequired":true,"valueName":"search_term_string"}}],"inLanguage":"ma"}]}},"_links":{"self":[{"href":"https:\/\/indooptical.com\/ma\/wp-json\/wp\/v2\/pages\/12763","targetHints":{"allow":["GET"]}}],"collection":[{"href":"https:\/\/indooptical.com\/ma\/wp-json\/wp\/v2\/pages"}],"about":[{"href":"https:\/\/indooptical.com\/ma\/wp-json\/wp\/v2\/types\/page"}],"author":[{"embeddable":true,"href":"https:\/\/indooptical.com\/ma\/wp-json\/wp\/v2\/users\/1"}],"replies":[{"embeddable":true,"href":"https:\/\/indooptical.com\/ma\/wp-json\/wp\/v2\/comments?post=12763"}],"version-history":[{"count":1,"href":"https:\/\/indooptical.com\/ma\/wp-json\/wp\/v2\/pages\/12763\/revisions"}],"predecessor-version":[{"id":21503,"href":"https:\/\/indooptical.com\/ma\/wp-json\/wp\/v2\/pages\/12763\/revisions\/21503"}],"wp:attachment":[{"href":"https:\/\/indooptical.com\/ma\/wp-json\/wp\/v2\/media?parent=12763"}],"curies":[{"name":"wp","href":"https:\/\/api.w.org\/{rel}","templated":true}]}}