{"id":12742,"date":"2025-03-05T11:36:15","date_gmt":"2025-03-05T10:36:15","guid":{"rendered":"https:\/\/indooptical.com\/home\/"},"modified":"2025-09-01T12:32:45","modified_gmt":"2025-09-01T10:32:45","slug":"home","status":"publish","type":"page","link":"https:\/\/indooptical.com\/ma\/","title":{"rendered":"Home"},"content":{"rendered":"<div class=\"wpb-content-wrapper\"><p>[vc_row full_width=&#8221;stretch_row_content_no_spaces&#8221;][vc_column]<div class='indo-header-wrapper'>\r\n                    <div class='header-video header-background-7345725'>\r\n                        <video autoplay muted loop playsinline style='width: 100%; height: 100vh; object-fit: cover;'>\r\n                            <source src='https:\/\/indooptical.com\/wp-content\/uploads\/2025\/01\/banner_home.mp4' type='video\/mp4'>\r\n                        <\/video>\r\n                    <\/div><div class='header-overlay'><\/div><div class='header-content header_content_new'><div class='text-wrapper'><img src='https:\/\/indooptical.com\/wp-content\/uploads\/2024\/12\/LOGO_INDO_RGB_03-svg.svg' alt='Header Logo' class='header-logo'><p class='header-subtitle'>L'innovation \u00e0 votre port\u00e9e <\/p><\/div><\/div><\/div>[\/vc_column][\/vc_row][vc_section full_width=&#8221;stretch_row&#8221;][vc_row css_animation=&#8221;none&#8221;][vc_column css_animation=&#8221;none&#8221;]<div class=\"spacer\"><\/div><div class='spacer display-none-mobile' style='height: 10vh;'><\/div><div class='spacer display-none-desktop' style='height: 50px;'><\/div>[\/vc_column][\/vc_row][vc_row equal_height=&#8221;yes&#8221; content_placement=&#8221;middle&#8221; css_animation=&#8221;none&#8221; el_class=&#8221;sin_bottom&#8221;][vc_column css_animation=&#8221;none&#8221; width=&#8221;1\/2&#8243;][vc_wp_text el_class=&#8221;title-title&#8221;]<\/p>\n<p class=\"title-h2\" style=\"text-align: left;\">Des verres con\u00e7us avec un esprit d\u2019innovation<\/p>\n<p>[\/vc_wp_text][\/vc_column][vc_column width=&#8221;1\/2&#8243;][vc_wp_text]<\/p>\n<p class=\"cvGsUA direction-ltr align-start para-style-body\"><span class=\"OYPEnA font-feature-liga-off font-feature-clig-off font-feature-calt-off text-decoration-none text-strikethrough-none\">Depuis plus de 80 ans, Indo s\u2019impose comme une marque internationale de r\u00e9f\u00e9rence dans le domaine des verres ophtalmiques.<\/span><\/p>\n<p class=\"cvGsUA direction-ltr align-start para-style-body\"><span class=\"OYPEnA font-feature-liga-off font-feature-clig-off font-feature-calt-off text-decoration-none text-strikethrough-none\"><br \/>\n<\/span><span class=\"OYPEnA font-feature-liga-off font-feature-clig-off font-feature-calt-off text-decoration-none text-strikethrough-none\">Port\u00e9e par l\u2019innovation, la flexibilit\u00e9 et un fort esprit de collaboration, Indo accompagne le d\u00e9veloppement des opticiens et am\u00e9liore la qualit\u00e9 de vision des utilisateurs \u00e0 travers le monde.<\/span><\/p>\n<p>[\/vc_wp_text][\/vc_column][\/vc_row][vc_row css_animation=&#8221;none&#8221;][vc_column css_animation=&#8221;none&#8221;]<div class=\"spacer\"><\/div><div class='spacer display-none-mobile' style='height: 10vh;'><\/div><div class='spacer display-none-desktop' style='height: 50px;'><\/div>[\/vc_column][\/vc_row][vc_row equal_height=&#8221;yes&#8221;][vc_column css_animation=&#8221;none&#8221; width=&#8221;1\/3&#8243;][vc_single_image image=&#8221;75&#8243; img_size=&#8221;full&#8221; el_class=&#8221;img_cuadrados full_i&#8221;]<div class=\"spacer\"><\/div><div class='spacer display-none-mobile' style='height: 3vh;'><\/div><div class='spacer display-none-desktop' style='height: 15px;'><\/div>[vc_wp_text]<\/p>\n<p class=\"title-h4\" style=\"text-align: left;\">Vision naturelle<\/p>\n<p>[\/vc_wp_text][vc_wp_text]<\/p>\n<p class=\"tetx-normal\" style=\"text-align: left;\">Des produits alliant ergonomie visuelle et design de pointe pour une vision naturelle et optimale.<\/p>\n<p>[\/vc_wp_text]<div class=\"spacer\"><\/div><div class='spacer display-none-mobile' style='height: 3vh;'><\/div><div class='spacer display-none-desktop' style='height: 25px;'><\/div>[\/vc_column][vc_column css_animation=&#8221;none&#8221; width=&#8221;1\/3&#8243;][vc_single_image image=&#8221;12296&#8243; img_size=&#8221;full&#8221; el_class=&#8221;img_cuadrados full_i&#8221;]<div class=\"spacer\"><\/div><div class='spacer display-none-mobile' style='height: 3vh;'><\/div><div class='spacer display-none-desktop' style='height: 15px;'><\/div>[vc_wp_text]<\/p>\n<p class=\"title-h4\" style=\"text-align: left;\">Innovation et excellence<\/p>\n<p>[\/vc_wp_text][vc_wp_text]<\/p>\n<p class=\"tetx-normal\" style=\"text-align: left;\">Chez Indo, l\u2019innovation prend vie \u00e0 travers des produits avant-gardistes pens\u00e9s pour offrir une exp\u00e9rience utilisateur exceptionnelle.<\/p>\n<p>[\/vc_wp_text]<div class=\"spacer\"><\/div><div class='spacer display-none-mobile' style='height: 3vh;'><\/div><div class='spacer display-none-desktop' style='height: 25px;'><\/div>[\/vc_column][vc_column css_animation=&#8221;none&#8221; width=&#8221;1\/3&#8243;][vc_single_image image=&#8221;3732&#8243; img_size=&#8221;full&#8221; el_class=&#8221;img_cuadrados full_i&#8221;]<div class=\"spacer\"><\/div><div class='spacer display-none-mobile' style='height: 3vh;'><\/div><div class='spacer display-none-desktop' style='height: 15px;'><\/div>[vc_wp_text]<\/p>\n<p class=\"title-h4\" style=\"text-align: left;\">Partenaire strat\u00e9gique<\/p>\n<p>[\/vc_wp_text][vc_wp_text]<\/p>\n<p class=\"tetx-normal\" style=\"text-align: left;\">\u00c0 l\u2019\u00e9coute de nos clients, nous r\u00e9pondons \u00e0 leurs besoins avec des solutions personnalis\u00e9es et pertinentes.<\/p>\n<p>[\/vc_wp_text]<div class=\"spacer\"><\/div><div class='spacer display-none-mobile' style='height: 3vh;'><\/div><div class='spacer display-none-desktop' style='height: 25px;'><\/div>[\/vc_column][\/vc_row][vc_row css_animation=&#8221;none&#8221;][vc_column css_animation=&#8221;none&#8221;]<div class=\"spacer\"><\/div><div class='spacer display-none-mobile' style='height: 5vh;'><\/div><div class='spacer display-none-desktop' style='height: 25px;'><\/div>[vc_column_text]<\/p>\n<p style=\"text-align: center;\"><a class=\"custom-button\" href=\"https:\/\/indooptical.com\/ma\/innovation\/\">Aller \u00e0 l\u2019innovation<\/a><\/p>\n<p>[\/vc_column_text][\/vc_column][\/vc_row][vc_row css_animation=&#8221;none&#8221;][vc_column css_animation=&#8221;none&#8221;]<div class=\"spacer\"><\/div><div class='spacer display-none-mobile' style='height: 5vh;'><\/div><div class='spacer display-none-desktop' style='height: 25px;'><\/div>[\/vc_column][\/vc_row][\/vc_section][vc_row css_animation=&#8221;none&#8221;][vc_column css_animation=&#8221;none&#8221;]<div class=\"spacer\"><\/div><div class='spacer display-none-mobile' style='height: 5vh;'><\/div><div class='spacer display-none-desktop' style='height: 25px;'><\/div>[\/vc_column][\/vc_row][vc_row css_animation=&#8221;none&#8221;][vc_column css_animation=&#8221;none&#8221;][vc_wp_text el_class=&#8221;title-title&#8221;]<\/p>\n<p class=\"title-h1\" style=\"text-align: center;\">Des solutions optiques adapt\u00e9es \u00e0 tous les besoins<\/p>\n<p>[\/vc_wp_text]<div class=\"spacer\"><\/div><div class='spacer display-none-mobile' style='height: 3vh;'><\/div><div class='spacer display-none-desktop' style='height: 15px;'><\/div>[vc_wp_text]<\/p>\n<p class=\"tetx-normal\" style=\"text-align: center;\"><span class=\"OYPEnA font-feature-liga-off font-feature-clig-off font-feature-calt-off text-decoration-none text-strikethrough-none\">Parce que chaque regard est unique, Indo offre une solution personnalis\u00e9e \u00e0 chacun.<\/span><\/p>\n<p>[\/vc_wp_text][\/vc_column][\/vc_row][vc_row][vc_column]<div class=\"spacer\"><\/div><div class='spacer display-none-mobile' style='height: 5vh;'><\/div><div class='spacer display-none-desktop' style='height: 25px;'><\/div>[\/vc_column][\/vc_row][vc_section full_width=&#8221;stretch_row&#8221; el_class=&#8221;display_mobile&#8221;][vc_row full_width=&#8221;stretch_row_content_no_spaces&#8221; equal_height=&#8221;yes&#8221; el_class=&#8221;img_gap&#8221;][vc_column css_animation=&#8221;none&#8221; width=&#8221;2\/3&#8243; css=&#8221;.vc_custom_1749630498021{padding-right: 10px !important;}&#8221; el_class=&#8221;indooptical-home-model-1&#8243;]<div class='hover-block' style='background-image: url(https:\/\/indooptical.com\/wp-content\/uploads\/2025\/02\/banner_home_mimetika_indo.png); display: flex; align-items: center; justify-content: center;'><div class='hover-content' style='text-align: center;'><img src='https:\/\/indooptical.com\/wp-content\/uploads\/2024\/12\/Mimetika_ok.png' alt='Indo' class='hover-logo' style='margin-bottom: 10px;'><p class='text-normal' style='margin-bottom: 15px;'>Verres personnalis\u00e9s gr\u00e2ce \u00e0 la r\u00e9alit\u00e9 virtuelle.<\/p><a href='https:\/\/indooptical.com\/mimetika-pro\/' class='custom-button'>Ver m\u00e1s<\/a><\/div><\/div>[\/vc_column][vc_column css_animation=&#8221;none&#8221; width=&#8221;1\/3&#8243; el_class=&#8221;VS_img indooptical-home-model-2&#8243;]<div class='hover-block' style='background-image: url(https:\/\/indooptical.com\/wp-content\/uploads\/2024\/11\/001_Indo_IMG_Logos_VSConcept_1080x1080-1.png); display: flex; align-items: center; justify-content: center;'><div class='hover-content' style='text-align: center;'><img src='https:\/\/indooptical.com\/wp-content\/uploads\/2024\/12\/VS_ok.png' alt='Indo' class='hover-logo' style='margin-bottom: 10px;'><p class='text-normal' style='margin-bottom: 15px;'>Une vision naturelle fond\u00e9e sur une strat\u00e9gie visuelle.<\/p><a href='https:\/\/indooptical.com\/vs-concept\/' class='custom-button'>Ver m\u00e1s<\/a><\/div><\/div>[\/vc_column][\/vc_row][vc_row][vc_column]<div class=\"spacer\"><\/div><div class='spacer display-none-mobile' style='height: 10px;'><\/div><div class='spacer display-none-desktop' style='height: 10px;'><\/div>[\/vc_column][\/vc_row][vc_row full_width=&#8221;stretch_row_content_no_spaces&#8221; equal_height=&#8221;yes&#8221; el_class=&#8221;img_gap&#8221;][vc_column css_animation=&#8221;none&#8221; width=&#8221;1\/3&#8243; css=&#8221;.vc_custom_1749630525201{padding-right: 10px !important;}&#8221; el_class=&#8221;indooptical-home-model-2&#8243;]<div class='hover-block' style='background-image: url(https:\/\/indooptical.com\/wp-content\/uploads\/2024\/11\/003_Indo_IMG_Logos_VSConcept_1080x1080.png); display: flex; align-items: center; justify-content: center;'><div class='hover-content' style='text-align: center;'><img src='https:\/\/indooptical.com\/wp-content\/uploads\/2024\/12\/NSC_ok.png' alt='Indo' class='hover-logo' style='margin-bottom: 10px;'><p class='text-normal' style='margin-bottom: 15px;'>Laissez briller vos yeux , pas vos verres.<\/p><a href='https:\/\/indooptical.com\/tratamientos\/#tratamientos' class='custom-button'>Ver m\u00e1s<\/a><\/div><\/div>[\/vc_column][vc_column css_animation=&#8221;none&#8221; width=&#8221;2\/3&#8243; el_class=&#8221;indooptical-home-model-1&#8243;]<div class='hover-block' style='background-image: url(https:\/\/indooptical.com\/wp-content\/uploads\/2024\/11\/002_Indo_IMG_Logos_SuperkidMiofocal_859x466-1.png); display: flex; align-items: center; justify-content: center;'><div class='hover-content' style='text-align: center;'><img src='https:\/\/indooptical.com\/wp-content\/uploads\/2024\/12\/superkid_ok.png' alt='Indo' class='hover-logo' style='margin-bottom: 10px;'><p class='text-normal' style='margin-bottom: 15px;'>Le verre qui ralentit la progression de la myopie chez les enfants.<\/p><a href='https:\/\/indooptical.com\/superkid-miofocal\/' class='custom-button'>Ver m\u00e1s<\/a><\/div><\/div>[\/vc_column][\/vc_row][\/vc_section][vc_row][vc_column]<div class=\"spacer\"><\/div><div class='spacer display-none-mobile' style='height: 10vh;'><\/div><div class='spacer display-none-desktop' style='height: 50px;'><\/div>[\/vc_column][\/vc_row][vc_row full_width=&#8221;stretch_row&#8221; css_animation=&#8221;none&#8221;][vc_column css_animation=&#8221;none&#8221;]<div class=\"spacer\"><\/div><div class='spacer display-none-mobile' style='height: 10vh;'><\/div><div class='spacer display-none-desktop' style='height: 50px;'><\/div>[vc_column_text]<\/p>\n<p class=\"title-h3\" style=\"text-align: center;\"><strong>Souhaitez-vous plus d\u2019informations ?<\/strong><\/p>\n<p>&nbsp;<\/p>\n<p class=\"tetx-normal\" style=\"text-align: center;\">Contactez-nous, notre \u00e9quipe se fera un plaisir de vous assister<\/p>\n<p>&nbsp;<\/p>\n<p style=\"text-align: center;\"><a class=\"custom-button\" href=\"https:\/\/indooptical.com\/ma\/contact\/\">Contactez-nous<\/a><\/p>\n<p>[\/vc_column_text]<div class=\"spacer\"><\/div><div class='spacer display-none-mobile' style='height: 10vh;'><\/div><div class='spacer display-none-desktop' style='height: 50px;'><\/div>[\/vc_column][\/vc_row][vc_section full_width=&#8221;stretch_row&#8221; css_animation=&#8221;none&#8221; el_class=&#8221;end_footer&#8221;][vc_row][vc_column]<div class=\"spacer\"><\/div><div class='spacer display-none-mobile' style='height: 10vh;'><\/div><div class='spacer display-none-desktop' style='height: 50px;'><\/div>[\/vc_column][\/vc_row][vc_row][vc_column][vc_wp_text]<\/p>\n<p class=\"title-h2\" style=\"text-align: center;\">Mettre l\u2019excellence au service<br \/>\ndes magasins d\u2019optique<\/p>\n<p>[\/vc_wp_text][\/vc_column][\/vc_row][vc_row full_width=&#8221;stretch_row&#8221; equal_height=&#8221;yes&#8221; el_class=&#8221;footer_end&#8221;][vc_column width=&#8221;1\/12&#8243;][\/vc_column][vc_column width=&#8221;5\/6&#8243;]<div id=\"ult-carousel-204138464769fb3bd551dae\" class=\"ult-carousel-wrapper  slider_home ult_horizontal\" data-gutter=\"15\" data-rtl=\"false\" ><div class=\"ult-carousel-94565373069fb3bd551c72 \" >[vc_row_inner][vc_column_inner width=&#8221;4\/12&#8243;][vc_single_image image=&#8221;2017&#8243; img_size=&#8221;330&#215;330&#8243; el_class=&#8221;newsletter_img&#8221;][\/vc_column_inner][vc_column_inner el_class=&#8221;newsletter_slider&#8221; width=&#8221;8\/12&#8243;][vc_wp_text]Les verres s\u2019adaptent parfaitement aux besoins de nos clients, offrant une vision claire et confortable en toutes circonstances.<br \/>\nLa pr\u00e9cision et la durabilit\u00e9 des verres Indo nous permettent de garantir la meilleure exp\u00e9rience visuelle.[\/vc_wp_text]<div class=\"ult-item-wrap\" data-animation=\"animated no-animation\"><div class=\"spacer\"><\/div><div class='spacer display-none-mobile' style='height: 3vh;'><\/div><div class='spacer display-none-desktop' style='height: 15px;'><\/div><\/div>[vc_wp_text]<\/p>\n<p class=\"slider_name\" style=\"text-align: left;\"><span data-sheets-root=\"1\">Anabel Gonz\u00e1lez Temez &#8211; Opticalia Castelldefels (Espagne)<\/span><\/p>\n<p>[\/vc_wp_text][vc_separator color=&#8221;custom&#8221; align=&#8221;align_left&#8221; el_width=&#8221;30&#8243; el_class=&#8221;separador_line&#8221;][\/vc_column_inner][\/vc_row_inner]<\/div><\/div>\t\t\t<script type=\"text\/javascript\">\n\t\t\t\tjQuery(document).ready(function ($) {\n\t\t\t\t\tif( typeof jQuery('.ult-carousel-94565373069fb3bd551c72').slick == \"function\"){\n\t\t\t\t\t\t$('.ult-carousel-94565373069fb3bd551c72').slick({dots: true,autoplay: true,autoplaySpeed: \"5000\",speed: \"300\",infinite: true,arrows: false,slidesToScroll:1,slidesToShow:1,swipe: true,draggable: true,touchMove: true,pauseOnHover: true,pauseOnFocus: false,responsive: [\n\t\t\t\t\t\t\t{\n\t\t\t\t\t\t\t  breakpoint: 1026,\n\t\t\t\t\t\t\t  settings: {\n\t\t\t\t\t\t\t\tslidesToShow: 1,\n\t\t\t\t\t\t\t\tslidesToScroll: 1,  \n\t\t\t\t\t\t\t  }\n\t\t\t\t\t\t\t},\n\t\t\t\t\t\t\t{\n\t\t\t\t\t\t\t  breakpoint: 1025,\n\t\t\t\t\t\t\t  settings: {\n\t\t\t\t\t\t\t\tslidesToShow: 1,\n\t\t\t\t\t\t\t\tslidesToScroll: 1\n\t\t\t\t\t\t\t  }\n\t\t\t\t\t\t\t},\n\t\t\t\t\t\t\t{\n\t\t\t\t\t\t\t  breakpoint: 760,\n\t\t\t\t\t\t\t  settings: {\n\t\t\t\t\t\t\t\tslidesToShow: 1,\n\t\t\t\t\t\t\t\tslidesToScroll: 1\n\t\t\t\t\t\t\t  }\n\t\t\t\t\t\t\t}\n\t\t\t\t\t\t],pauseOnDotsHover: true,customPaging: function(slider, i) {\n                   return '<i type=\"button\" style= \"color:#00833e;\" class=\"ultsl-record\" data-role=\"none\"><\/i>';\n                },});\n\t\t\t\t\t}\n\t\t\t\t});\n\t\t\t<\/script>\n\t\t\t[\/vc_column][vc_column width=&#8221;1\/12&#8243;][\/vc_column][\/vc_row][vc_row][vc_column]<div class=\"spacer\"><\/div><div class='spacer display-none-mobile' style='height: 5vh;'><\/div><div class='spacer display-none-desktop' style='height: 25px;'><\/div>[\/vc_column][\/vc_row][vc_row disable_element=&#8221;yes&#8221;][vc_column][vc_wp_text el_class=&#8221;title-newsletter&#8221;]<\/p>\n<p class=\"title-h2 text-light\" style=\"text-align: center;\">Abonnez-vous \u00e0 notre newsletter<\/p>\n<p>[\/vc_wp_text][vc_wp_text]<\/p>\n<p class=\"tetx-normal text-light\" style=\"text-align: center;\">et soyez les premiers inform\u00e9s de nos derni\u00e8res nouveaut\u00e9s<\/p>\n<p>[\/vc_wp_text][\/vc_column][\/vc_row][vc_row disable_element=&#8221;yes&#8221; el_class=&#8221;newsletter&#8221;][vc_column]\n<div class=\"wpcf7 no-js\" id=\"wpcf7-f12976-o1\" lang=\"ma\" dir=\"ltr\" data-wpcf7-id=\"12976\">\n<div class=\"screen-reader-response\"><p role=\"status\" aria-live=\"polite\" aria-atomic=\"true\"><\/p> <ul><\/ul><\/div>\n<form action=\"\/ma\/wp-json\/wp\/v2\/pages\/12742#wpcf7-f12976-o1\" method=\"post\" class=\"wpcf7-form init\" aria-label=\"Contact form\" novalidate=\"novalidate\" data-status=\"init\">\n<fieldset class=\"hidden-fields-container\"><input type=\"hidden\" name=\"_wpcf7\" value=\"12976\" \/><input type=\"hidden\" name=\"_wpcf7_version\" value=\"6.1.5\" \/><input type=\"hidden\" name=\"_wpcf7_locale\" value=\"ma\" \/><input type=\"hidden\" name=\"_wpcf7_unit_tag\" value=\"wpcf7-f12976-o1\" \/><input type=\"hidden\" name=\"_wpcf7_container_post\" value=\"0\" \/><input type=\"hidden\" name=\"_wpcf7_posted_data_hash\" value=\"\" \/><input type=\"hidden\" name=\"_wpcf7_recaptcha_response\" value=\"\" \/>\n<\/fieldset>\n<div class=\"custom-form-suscripcion\">\n\t<p><span class=\"wpcf7-form-control-wrap\" data-name=\"email\"><input size=\"40\" maxlength=\"400\" class=\"wpcf7-form-control wpcf7-text wpcf7-validates-as-required\" aria-required=\"true\" aria-invalid=\"false\" placeholder=\"Entrez votre adresse email\" value=\"\" type=\"text\" name=\"email\" \/><\/span><br \/>\n<input class=\"wpcf7-form-control wpcf7-submit has-spinner\" type=\"submit\" value=\"S&#039;abonner\" \/>\n\t<\/p>\n<\/div><div class=\"wpcf7-response-output\" aria-hidden=\"true\"><\/div>\n<\/form>\n<\/div>\n[\/vc_column][\/vc_row][vc_row][vc_column]<div class=\"spacer\"><\/div><div class='spacer display-none-mobile' style='height: 4vh;'><\/div><div class='spacer display-none-desktop' style='height: 20px;'><\/div>[\/vc_column][\/vc_row][\/vc_section]<\/p>\n<style>\r\n            html body,\r\n            html body section.vc_section.end_footer{\r\n                background: #131314 !important;\r\n            }\r\n            html body .main-fluid *{\r\n                color: white !important;\r\n            }\r\n            <\/style><\/div>","protected":false},"excerpt":{"rendered":"<p>[vc_row full_width=&#8221;stretch_row_content_no_spaces&#8221;][vc_column][\/vc_column][\/vc_row][vc_section full_width=&#8221;stretch_row&#8221;][vc_row css_animation=&#8221;none&#8221;][vc_column css_animation=&#8221;none&#8221;][\/vc_column][\/vc_row][vc_row equal_height=&#8221;yes&#8221; content_placement=&#8221;middle&#8221; css_animation=&#8221;none&#8221; el_class=&#8221;sin_bottom&#8221;][vc_column css_animation=&#8221;none&#8221; width=&#8221;1\/2&#8243;][vc_wp_text el_class=&#8221;title-title&#8221;] Des verres con\u00e7us avec un esprit d\u2019innovation [\/vc_wp_text][\/vc_column][vc_column width=&#8221;1\/2&#8243;][vc_wp_text] Depuis plus de 80 ans, Indo s\u2019impose comme une marque internationale de r\u00e9f\u00e9rence dans le domaine des verres ophtalmiques. Port\u00e9e par l\u2019innovation, la flexibilit\u00e9 et un fort esprit de collaboration, Indo accompagne le d\u00e9veloppement [&hellip;]<\/p>\n","protected":false},"author":1,"featured_media":0,"parent":0,"menu_order":0,"comment_status":"closed","ping_status":"closed","template":"","meta":{"_acf_changed":false,"footnotes":""},"class_list":["post-12742","page","type-page","status-publish","hentry"],"acf":[],"yoast_head":"<!-- This site is optimized with the Yoast SEO plugin v27.4 - https:\/\/yoast.com\/product\/yoast-seo-wordpress\/ -->\n<title>Home - Indo<\/title>\n<meta name=\"robots\" content=\"index, follow, max-snippet:-1, max-image-preview:large, max-video-preview:-1\" \/>\n<link rel=\"canonical\" href=\"https:\/\/indooptical.com\/ma\/\" \/>\n<meta property=\"og:locale\" content=\"en_US\" \/>\n<meta property=\"og:type\" content=\"article\" \/>\n<meta property=\"og:title\" content=\"Home - Indo\" \/>\n<meta property=\"og:description\" content=\"[vc_row full_width=&#8221;stretch_row_content_no_spaces&#8221;][vc_column][\/vc_column][\/vc_row][vc_section full_width=&#8221;stretch_row&#8221;][vc_row css_animation=&#8221;none&#8221;][vc_column css_animation=&#8221;none&#8221;][\/vc_column][\/vc_row][vc_row equal_height=&#8221;yes&#8221; content_placement=&#8221;middle&#8221; css_animation=&#8221;none&#8221; el_class=&#8221;sin_bottom&#8221;][vc_column css_animation=&#8221;none&#8221; width=&#8221;1\/2&#8243;][vc_wp_text el_class=&#8221;title-title&#8221;] Des verres con\u00e7us avec un esprit d\u2019innovation [\/vc_wp_text][\/vc_column][vc_column width=&#8221;1\/2&#8243;][vc_wp_text] Depuis plus de 80 ans, Indo s\u2019impose comme une marque internationale de r\u00e9f\u00e9rence dans le domaine des verres ophtalmiques. Port\u00e9e par l\u2019innovation, la flexibilit\u00e9 et un fort esprit de collaboration, Indo accompagne le d\u00e9veloppement [&hellip;]\" \/>\n<meta property=\"og:url\" content=\"https:\/\/indooptical.com\/ma\/\" \/>\n<meta property=\"og:site_name\" content=\"Indo\" \/>\n<meta property=\"article:modified_time\" content=\"2025-09-01T10:32:45+00:00\" \/>\n<meta name=\"twitter:card\" content=\"summary_large_image\" \/>\n<meta name=\"twitter:label1\" content=\"Est. reading time\" \/>\n\t<meta name=\"twitter:data1\" content=\"5 minutes\" \/>\n<script type=\"application\/ld+json\" class=\"yoast-schema-graph\">{\"@context\":\"https:\\\/\\\/schema.org\",\"@graph\":[{\"@type\":\"WebPage\",\"@id\":\"https:\\\/\\\/indooptical.com\\\/ma\\\/\",\"url\":\"https:\\\/\\\/indooptical.com\\\/ma\\\/\",\"name\":\"Home - Indo\",\"isPartOf\":{\"@id\":\"https:\\\/\\\/indooptical.com\\\/es\\\/#website\"},\"datePublished\":\"2025-03-05T10:36:15+00:00\",\"dateModified\":\"2025-09-01T10:32:45+00:00\",\"breadcrumb\":{\"@id\":\"https:\\\/\\\/indooptical.com\\\/ma\\\/#breadcrumb\"},\"inLanguage\":\"ma\",\"potentialAction\":[{\"@type\":\"ReadAction\",\"target\":[\"https:\\\/\\\/indooptical.com\\\/ma\\\/\"]}]},{\"@type\":\"BreadcrumbList\",\"@id\":\"https:\\\/\\\/indooptical.com\\\/ma\\\/#breadcrumb\",\"itemListElement\":[{\"@type\":\"ListItem\",\"position\":1,\"name\":\"Home\",\"item\":\"https:\\\/\\\/indooptical.com\\\/ma\\\/\"},{\"@type\":\"ListItem\",\"position\":2,\"name\":\"Home\"}]},{\"@type\":\"WebSite\",\"@id\":\"https:\\\/\\\/indooptical.com\\\/es\\\/#website\",\"url\":\"https:\\\/\\\/indooptical.com\\\/es\\\/\",\"name\":\"Indo\",\"description\":\"\",\"potentialAction\":[{\"@type\":\"SearchAction\",\"target\":{\"@type\":\"EntryPoint\",\"urlTemplate\":\"https:\\\/\\\/indooptical.com\\\/es\\\/?s={search_term_string}\"},\"query-input\":{\"@type\":\"PropertyValueSpecification\",\"valueRequired\":true,\"valueName\":\"search_term_string\"}}],\"inLanguage\":\"ma\"}]}<\/script>\n<!-- \/ Yoast SEO plugin. -->","yoast_head_json":{"title":"Home - Indo","robots":{"index":"index","follow":"follow","max-snippet":"max-snippet:-1","max-image-preview":"max-image-preview:large","max-video-preview":"max-video-preview:-1"},"canonical":"https:\/\/indooptical.com\/ma\/","og_locale":"en_US","og_type":"article","og_title":"Home - Indo","og_description":"[vc_row full_width=&#8221;stretch_row_content_no_spaces&#8221;][vc_column][\/vc_column][\/vc_row][vc_section full_width=&#8221;stretch_row&#8221;][vc_row css_animation=&#8221;none&#8221;][vc_column css_animation=&#8221;none&#8221;][\/vc_column][\/vc_row][vc_row equal_height=&#8221;yes&#8221; content_placement=&#8221;middle&#8221; css_animation=&#8221;none&#8221; el_class=&#8221;sin_bottom&#8221;][vc_column css_animation=&#8221;none&#8221; width=&#8221;1\/2&#8243;][vc_wp_text el_class=&#8221;title-title&#8221;] Des verres con\u00e7us avec un esprit d\u2019innovation [\/vc_wp_text][\/vc_column][vc_column width=&#8221;1\/2&#8243;][vc_wp_text] Depuis plus de 80 ans, Indo s\u2019impose comme une marque internationale de r\u00e9f\u00e9rence dans le domaine des verres ophtalmiques. Port\u00e9e par l\u2019innovation, la flexibilit\u00e9 et un fort esprit de collaboration, Indo accompagne le d\u00e9veloppement [&hellip;]","og_url":"https:\/\/indooptical.com\/ma\/","og_site_name":"Indo","article_modified_time":"2025-09-01T10:32:45+00:00","twitter_card":"summary_large_image","twitter_misc":{"Est. reading time":"5 minutes"},"schema":{"@context":"https:\/\/schema.org","@graph":[{"@type":"WebPage","@id":"https:\/\/indooptical.com\/ma\/","url":"https:\/\/indooptical.com\/ma\/","name":"Home - Indo","isPartOf":{"@id":"https:\/\/indooptical.com\/es\/#website"},"datePublished":"2025-03-05T10:36:15+00:00","dateModified":"2025-09-01T10:32:45+00:00","breadcrumb":{"@id":"https:\/\/indooptical.com\/ma\/#breadcrumb"},"inLanguage":"ma","potentialAction":[{"@type":"ReadAction","target":["https:\/\/indooptical.com\/ma\/"]}]},{"@type":"BreadcrumbList","@id":"https:\/\/indooptical.com\/ma\/#breadcrumb","itemListElement":[{"@type":"ListItem","position":1,"name":"Home","item":"https:\/\/indooptical.com\/ma\/"},{"@type":"ListItem","position":2,"name":"Home"}]},{"@type":"WebSite","@id":"https:\/\/indooptical.com\/es\/#website","url":"https:\/\/indooptical.com\/es\/","name":"Indo","description":"","potentialAction":[{"@type":"SearchAction","target":{"@type":"EntryPoint","urlTemplate":"https:\/\/indooptical.com\/es\/?s={search_term_string}"},"query-input":{"@type":"PropertyValueSpecification","valueRequired":true,"valueName":"search_term_string"}}],"inLanguage":"ma"}]}},"_links":{"self":[{"href":"https:\/\/indooptical.com\/ma\/wp-json\/wp\/v2\/pages\/12742","targetHints":{"allow":["GET"]}}],"collection":[{"href":"https:\/\/indooptical.com\/ma\/wp-json\/wp\/v2\/pages"}],"about":[{"href":"https:\/\/indooptical.com\/ma\/wp-json\/wp\/v2\/types\/page"}],"author":[{"embeddable":true,"href":"https:\/\/indooptical.com\/ma\/wp-json\/wp\/v2\/users\/1"}],"replies":[{"embeddable":true,"href":"https:\/\/indooptical.com\/ma\/wp-json\/wp\/v2\/comments?post=12742"}],"version-history":[{"count":2,"href":"https:\/\/indooptical.com\/ma\/wp-json\/wp\/v2\/pages\/12742\/revisions"}],"predecessor-version":[{"id":20380,"href":"https:\/\/indooptical.com\/ma\/wp-json\/wp\/v2\/pages\/12742\/revisions\/20380"}],"wp:attachment":[{"href":"https:\/\/indooptical.com\/ma\/wp-json\/wp\/v2\/media?parent=12742"}],"curies":[{"name":"wp","href":"https:\/\/api.w.org\/{rel}","templated":true}]}}