{"id":12598,"date":"2024-09-06T09:37:44","date_gmt":"2024-09-06T07:37:44","guid":{"rendered":"https:\/\/indooptical.com\/privacy-policy\/"},"modified":"2025-11-13T15:26:18","modified_gmt":"2025-11-13T14:26:18","slug":"privacy-policy","status":"publish","type":"page","link":"https:\/\/indooptical.com\/cl\/privacy-policy\/","title":{"rendered":"Privacy Policy"},"content":{"rendered":"<div class=\"wpb-content-wrapper\"><p>[vc_row][vc_column]<div class=\"spacer\"><\/div><div class='spacer display-none-mobile' style='height: 15vh;'><\/div><div class='spacer display-none-desktop' style='height: 75px;'><\/div>[\/vc_column][\/vc_row][vc_row][vc_column][vc_wp_text]<\/p>\n<p class=\"title-h2\" style=\"text-align: left;\">Pol\u00edtica de privacidad<\/p>\n<p>[\/vc_wp_text][\/vc_column][\/vc_row][vc_row][vc_column][vc_wp_text]<strong>La confidencialidad y la seguridad<\/strong> son valores fundamentales de INDO OPTICAL, S.L.U., con NIF B66232976 y domicilio social en Avda. Alcalde Barnils, 72 &#8211; 08174 Sant Cugat del Vall\u00e8s (BARCELONA) e inscrita en el Registro Mercantil de MADRID en el Tomo 36.641, Folio 185, Secci\u00f3n 8, Hoja M-4657291. Por ello, nos comprometemos a garantizar siempre la privacidad del Usuario y a no recabar informaci\u00f3n innecesaria. A continuaci\u00f3n, le proporcionamos toda la informaci\u00f3n necesaria sobre nuestra Pol\u00edtica de Privacidad en relaci\u00f3n con los datos personales que recabamos, explicando:[\/vc_wp_text][vc_wp_text]<\/p>\n<ul>\n<li>Qui\u00e9n es el responsable del tratamiento de sus datos.<\/li>\n<li>Para qu\u00e9 fines recopilamos los datos que le solicitamos.<\/li>\n<li>Cu\u00e1l es la legitimidad para su tratamiento.<\/li>\n<li>Cu\u00e1nto tiempo los conservamos.<\/li>\n<li>A qu\u00e9 destinatarios se comunican sus datos.<\/li>\n<li>Cu\u00e1les son sus derechos y c\u00f3mo ejercerlos.<\/li>\n<\/ul>\n<p>[\/vc_wp_text]<div class=\"ult-spacer spacer-69fb4d8799f5f\" data-id=\"69fb4d8799f5f\" data-height=\"30\" data-height-mobile=\"30\" data-height-tab=\"30\" data-height-tab-portrait=\"\" data-height-mobile-landscape=\"\" style=\"clear:both;display:block;\"><\/div>[\/vc_column][\/vc_row][vc_row][vc_column][vc_wp_text]<\/p>\n<p class=\"title-h4\" style=\"text-align: left;\">1. RESPONSABLE<\/p>\n<p>[\/vc_wp_text][vc_wp_text]ver datos en el encabezado. Si tiene alguna pregunta sobre el tratamiento de sus datos personales, puede ponerse en contacto con nuestro delegado de protecci\u00f3n de datos en la siguiente direcci\u00f3n de correo electr\u00f3nico: privacy@indo.es.[\/vc_wp_text]<div class=\"ult-spacer spacer-69fb4d8799f93\" data-id=\"69fb4d8799f93\" data-height=\"30\" data-height-mobile=\"30\" data-height-tab=\"30\" data-height-tab-portrait=\"\" data-height-mobile-landscape=\"\" style=\"clear:both;display:block;\"><\/div>[\/vc_column][\/vc_row][vc_row][vc_column][vc_wp_text]<strong>2. FINALIDADES, LEGITIMIDAD Y CONSERVACI\u00d3N<\/strong> del tratamiento de los datos enviados a trav\u00e9s de:[\/vc_wp_text][vc_wp_text]<strong>Formulario de Contacto<\/strong><\/p>\n<p>Finalidad: Proporcionarle un medio para ponerse en contacto con nosotros y responder a sus solicitudes de informaci\u00f3n, as\u00ed como enviarle comunicaciones sobre nuestros productos, servicios y actividades, incluso por medios electr\u00f3nicos (correo electr\u00f3nico, SMS, etc.), si marca la casilla de aceptaci\u00f3n.<\/p>\n<p>Legitimaci\u00f3n: El consentimiento del usuario al solicitarnos informaci\u00f3n a trav\u00e9s de nuestro formulario de contacto y al marcar la casilla de aceptaci\u00f3n para el env\u00edo de informaci\u00f3n.<\/p>\n<p>Conservaci\u00f3n: Los datos personales facilitados se conservar\u00e1n durante el tiempo necesario para cumplir con la finalidad para la que se recaban y para determinar las posibles responsabilidades que puedan derivarse de la finalidad, adem\u00e1s de los plazos establecidos en la normativa sobre archivos y documentaci\u00f3n. En caso de que haya aceptado recibir comunicaciones comerciales, los datos personales facilitados se conservar\u00e1n hasta que solicite darse de baja de la informaci\u00f3n comercial.[\/vc_wp_text][vc_wp_text]<strong>Env\u00edo de correos electr\u00f3nicos<\/strong><\/p>\n<p>Finalidad: Responder a sus solicitudes de informaci\u00f3n, atender sus peticiones y resolver sus consultas o dudas. En caso de recibir su CV, sus datos personales y curriculares podr\u00e1n formar parte de nuestras bases de datos con el fin de participar en nuestros procesos de selecci\u00f3n presentes y futuros.<\/p>\n<p>Legitimaci\u00f3n: El consentimiento del usuario al solicitarnos informaci\u00f3n a trav\u00e9s de la direcci\u00f3n de correo electr\u00f3nico o al enviarnos sus datos y CV para participar en nuestros procesos de selecci\u00f3n.<\/p>\n<p>Conservaci\u00f3n: Los datos personales facilitados se conservar\u00e1n durante el tiempo necesario para cumplir con la finalidad para la que se recaban y para determinar las posibles responsabilidades que pudieran derivarse de la misma, adem\u00e1s de los plazos establecidos en la normativa sobre archivos y documentaci\u00f3n. En caso de recibir su CV, sus datos podr\u00e1n conservarse durante un m\u00e1ximo de un a\u00f1o para futuros procesos de selecci\u00f3n.[\/vc_wp_text][vc_wp_text]<strong>Obligaci\u00f3n de facilitarnos sus datos personales y consecuencias de no hacerlo.<\/strong><\/p>\n<p>El suministro de datos personales requiere una edad m\u00ednima de 16 a\u00f1os o, en su caso, la edad m\u00ednima establecida por la normativa de protecci\u00f3n de datos aplicable y\/o la capacidad jur\u00eddica suficiente para contratar.<\/p>\n<p>Los datos personales solicitados son necesarios para gestionar sus solicitudes, registrarle como usuario y\/o prestarle los servicios que pueda contratar, por lo que, si no nos los facilita, no podremos atenderle correctamente ni prestarle el servicio que nos ha solicitado.<\/p>\n<p>En cualquier caso, nos reservamos el derecho de decidir si incorporamos o no sus datos personales y dem\u00e1s informaci\u00f3n a nuestras bases de datos, siempre dentro del marco de las disposiciones legales vigentes.[\/vc_wp_text]<div class=\"ult-spacer spacer-69fb4d8799fbc\" data-id=\"69fb4d8799fbc\" data-height=\"30\" data-height-mobile=\"30\" data-height-tab=\"30\" data-height-tab-portrait=\"\" data-height-mobile-landscape=\"\" style=\"clear:both;display:block;\"><\/div>[\/vc_column][\/vc_row][vc_row][vc_column][vc_wp_text]<strong>3. DESTINATARIOS DE SUS DATOS.<\/strong>[\/vc_wp_text][vc_wp_text]Sus datos son confidenciales y no se transmitir\u00e1n a terceros, salvo que exista una obligaci\u00f3n legal de hacerlo.<\/p>\n<p>\u00bfA qui\u00e9n se comunicar\u00e1n sus datos?<\/p>\n<p>Sus datos personales podr\u00e1n ser comunicados a las siguientes categor\u00edas de destinatarios, \u00fanicamente cuando exista una base legal que justifique dicha comunicaci\u00f3n:<\/p>\n<ul>\n<li>Administraciones p\u00fablicas, autoridades judiciales y organismos encargados de hacer cumplir la ley, cuando as\u00ed lo exija la legislaci\u00f3n aplicable o en el marco de procedimientos legales.<\/li>\n<li>Proveedores de servicios tecnol\u00f3gicos y proveedores de almacenamiento en la nube, necesarios para el funcionamiento de este sitio web (por ejemplo, servicios de alojamiento, correo electr\u00f3nico, herramientas de an\u00e1lisis o plataformas CRM).<\/li>\n<li>Entidades financieras y pasarelas de pago, para la gesti\u00f3n de pagos y cobros relacionados con los productos o servicios contratados.<\/li>\n<li>Asesores legales, fiscales o contables, cuando sea necesario para el cumplimiento de obligaciones legales o contractuales.<\/li>\n<li>Empresas de mensajer\u00eda y transporte, en los casos en que se requiera la entrega f\u00edsica de productos o comunicaciones.<\/li>\n<li>Compa\u00f1\u00edas de seguros, si procede en funci\u00f3n del servicio prestado o de la cobertura contratada.<\/li>\n<li>Terceros proveedores de servicios de marketing y an\u00e1lisis, solo cuando usted haya dado su consentimiento claro, informado y expl\u00edcito.<\/li>\n<li>Otros usuarios del sitio web, \u00fanicamente en los casos en que el servicio implique la publicaci\u00f3n de informaci\u00f3n o interacciones visibles para terceros (como en foros, perfiles p\u00fablicos o rese\u00f1as).<\/li>\n<\/ul>\n<p>Todos los encargados del tratamiento de datos que prestan servicios al responsable del tratamiento est\u00e1n debidamente contratados de conformidad con el art\u00edculo 28 del Reglamento General de Protecci\u00f3n de Datos (RGPD), lo que garantiza el cumplimiento de las normas de seguridad, confidencialidad y legales necesarias.[\/vc_wp_text]<div class=\"ult-spacer spacer-69fb4d8799fe1\" data-id=\"69fb4d8799fe1\" data-height=\"30\" data-height-mobile=\"30\" data-height-tab=\"30\" data-height-tab-portrait=\"\" data-height-mobile-landscape=\"\" style=\"clear:both;display:block;\"><\/div>[\/vc_column][\/vc_row][vc_row][vc_column][vc_wp_text]<\/p>\n<p class=\"title-h4\" style=\"text-align: left;\">4. COOKIES<\/p>\n<p>[\/vc_wp_text][vc_wp_text]Nuestro sitio web utiliza cookies y tecnolog\u00edas similares para garantizar su funcionalidad, almacenar preferencias y mejorar la experiencia del usuario. Esto puede implicar el tratamiento de datos personales.<\/p>\n<p>En nuestra <a href=\"https:\/\/indooptical.com\/cl\/cookies\/\"><em>pol\u00edtica de cookies<\/em><\/a> encontrar\u00e1 informaci\u00f3n detallada sobre las cookies utilizadas, su finalidad, su periodo de almacenamiento y sus opciones.[\/vc_wp_text]<div class=\"ult-spacer spacer-69fb4d879a003\" data-id=\"69fb4d879a003\" data-height=\"30\" data-height-mobile=\"30\" data-height-tab=\"30\" data-height-tab-portrait=\"\" data-height-mobile-landscape=\"\" style=\"clear:both;display:block;\"><\/div>[\/vc_column][\/vc_row][vc_row][vc_column][vc_wp_text]<\/p>\n<p class=\"title-h4\" style=\"text-align: left;\">5. DERECHOS DEL USUARIO EN RELACI\u00d3N CON SUS DATOS PERSONALES.<\/p>\n<p>[\/vc_wp_text][vc_wp_text]Cualquier persona puede retirar su consentimiento en cualquier momento, cuando este haya sido otorgado para el tratamiento de sus datos. En ning\u00fan caso la retirada de este consentimiento condicionar\u00e1 la ejecuci\u00f3n del contrato de suscripci\u00f3n o las relaciones previamente generadas.<\/p>\n<p>Asimismo, en caso de que se cumplan los requisitos establecidos en el Reglamento General de Protecci\u00f3n de Datos, as\u00ed como en la Ley Org\u00e1nica 3\/2018, de 5 de diciembre, de Protecci\u00f3n de Datos Personales y garant\u00eda de los derechos digitales, podr\u00e1 ejercer los siguientes derechos:<\/p>\n<ul>\n<li>Solicitar el acceso a sus datos personales o su rectificaci\u00f3n cuando sean inexactos.<\/li>\n<li>Solicitar su supresi\u00f3n cuando, entre otros motivos, los datos ya no sean necesarios para los fines para los que fueron recogidos.<\/li>\n<li>Solicitar la limitaci\u00f3n de su tratamiento en determinadas circunstancias.<\/li>\n<li>Solicitar la oposici\u00f3n al tratamiento de sus datos por motivos relacionados con su situaci\u00f3n particular.<\/li>\n<li>Solicitar la portabilidad de los datos en los casos previstos en la normativa.<\/li>\n<li>Otros derechos reconocidos en la normativa aplicable.<\/li>\n<\/ul>\n<p><u>D\u00f3nde y c\u00f3mo solicitar sus derechos<\/u>: Para ejercer sus derechos, escriba al responsable del tratamiento por correo postal o correo electr\u00f3nico. Puede utilizar la direcci\u00f3n de correo electr\u00f3nico: info@indo.es, con copia a: privacy@indo.es, indicando en el asunto o referencia \u00abDatos personales\u00bb y especificando el derecho que desea ejercer, junto con los datos personales de los que se trate.<\/p>\n<p>En caso de desacuerdo con la empresa en relaci\u00f3n con el tratamiento de sus datos, puede presentar una reclamaci\u00f3n ante la Agencia Espa\u00f1ola de Protecci\u00f3n de Datos (www.aepd.es).[\/vc_wp_text][vc_wp_text]<u>D\u00f3nde y c\u00f3mo solicitar sus Derechos<\/u>: Mediante un escrito dirigido al responsable a su direcci\u00f3n postal o electr\u00f3nica (indicadas al inicio del presente Aviso Legal), indicando la referencia \u201cDatos Personales\u201d, especificando el derecho que se quiere ejercer y respecto a qu\u00e9 datos personales.<\/p>\n<p>En caso de divergencias con la empresa en relaci\u00f3n con el tratamiento de sus datos, puede presentar una reclamaci\u00f3n ante la Agencia Espa\u00f1ola de Protecci\u00f3n de Datos (www.aepd.es).[\/vc_wp_text]<div class=\"ult-spacer spacer-69fb4d879a022\" data-id=\"69fb4d879a022\" data-height=\"30\" data-height-mobile=\"30\" data-height-tab=\"30\" data-height-tab-portrait=\"\" data-height-mobile-landscape=\"\" style=\"clear:both;display:block;\"><\/div>[\/vc_column][\/vc_row][vc_row][vc_column][vc_wp_text]<strong>6. SEGURIDAD DE SUS DATOS PERSONALES<\/strong>[\/vc_wp_text][vc_wp_text]Con el fin de salvaguardar la seguridad de sus datos personales, le informamos de que hemos adoptado todas las medidas t\u00e9cnicas y organizativas necesarias para garantizar la seguridad de los datos personales facilitados frente a su alteraci\u00f3n, p\u00e9rdida y tratamiento o acceso no autorizado.[\/vc_wp_text]<div class=\"ult-spacer spacer-69fb4d879a042\" data-id=\"69fb4d879a042\" data-height=\"30\" data-height-mobile=\"30\" data-height-tab=\"30\" data-height-tab-portrait=\"\" data-height-mobile-landscape=\"\" style=\"clear:both;display:block;\"><\/div>[\/vc_column][\/vc_row][vc_row][vc_column][vc_wp_text]<strong>7. FUNCIONALIDADES Y ENLACES WEB A OTROS SITIOS WEB<\/strong>[\/vc_wp_text][vc_wp_text]Nuestros sitios web pueden proporcionar enlaces a otros sitios web para su comodidad e informaci\u00f3n. Nuestro sitio web tambi\u00e9n puede contener ciertas funciones para las que nos asociamos con otras entidades. Estas entidades pueden recopilar informaci\u00f3n sobre su visita, independientemente de si utiliza o no estas funciones. Estos sitios web y funciones, que pueden incluir actividades en redes sociales y herramientas de geolocalizaci\u00f3n, operan de forma independiente de INDO y est\u00e1n claramente identificados como tales. De conformidad con la Ley 34\/2002, de 11 de julio, de Servicios de la Sociedad de la Informaci\u00f3n y de Comercio Electr\u00f3nico (LSSI), le informamos de que la inclusi\u00f3n de dichos enlaces no implica ninguna asociaci\u00f3n, fusi\u00f3n o participaci\u00f3n con las entidades enlazadas, salvo que se indique expresamente. En la medida en que los sitios web o las funciones enlazadas que visite o utilice no sean propiedad ni est\u00e9n controlados por INDO, le recomendamos que revise las pr\u00e1cticas de privacidad de dichos sitios web.<\/p>\n<p>Tratamos sus datos personales bas\u00e1ndonos en los siguientes fundamentos jur\u00eddicos, de conformidad con el Reglamento General de Protecci\u00f3n de Datos (RGPD):<\/p>\n<ul>\n<li>Consentimiento (Art. 6.1(a)): Cuando usted acepta expl\u00edcitamente el procesamiento opcional, como cookies, boletines informativos o comunicaciones de marketing.<\/li>\n<li>Ejecuci\u00f3n de un contrato (Art. 6.1(b)): Cuando el procesamiento es necesario para entregar los productos o servicios que usted ha solicitado.<\/li>\n<li>Obligaci\u00f3n legal (art. 6.1\u00a9): cuando debemos tratar datos para cumplir con requisitos legales o reglamentarios, como obligaciones fiscales o contables.<\/li>\n<li>Inter\u00e9s leg\u00edtimo (art. 6.1(f)): cuando tratamos datos para garantizar la seguridad del sitio web, proporcionar funciones \u00fatiles como enlaces externos, realizar an\u00e1lisis o mejorar nuestros servicios, siempre que ello no prevalezca sobre sus derechos.<\/li>\n<\/ul>\n<p>INDO le ofrece la posibilidad de compartir, enlazar o mencionar art\u00edculos en redes sociales sobre los productos y servicios de INDO. Por ejemplo, puede dar \u00abMe gusta\u00bb a una oferta a trav\u00e9s de su cuenta de Facebook o \u00abtuitear\u00bb una oferta a trav\u00e9s de X. Cuando visita un sitio web que tiene un bot\u00f3n perteneciente a una red social, su navegador establece una conexi\u00f3n directa con ese proveedor de redes sociales, de modo que cierta informaci\u00f3n relacionada con su visita, incluida su direcci\u00f3n IP, se transfiere al proveedor de redes sociales. Si tiene una cuenta con el proveedor de la red social, este puede vincular su visita a su cuenta, incluso si no ha iniciado sesi\u00f3n en ella.<\/p>\n<p>Tambi\u00e9n puede optar por utilizar determinadas funciones de nuestros sitios web a las que se puede acceder a trav\u00e9s de otras entidades no afiliadas a INDO o con las que colaboramos. Estas funciones, incluidas las herramientas de geolocalizaci\u00f3n, son operadas por terceros y est\u00e1n claramente identificadas como tales.<\/p>\n<p>Los proveedores de redes sociales como Facebook y X, y estos otros terceros, son independientes de INDO y no comparten necesariamente la misma pol\u00edtica que INDO en materia de protecci\u00f3n de la privacidad. Consulte sus avisos de privacidad si decide utilizar sus servicios y consulte la configuraci\u00f3n de su cuenta de redes sociales si desea desactivar determinadas funciones[\/vc_wp_text]<div class=\"ult-spacer spacer-69fb4d879a05d\" data-id=\"69fb4d879a05d\" data-height=\"30\" data-height-mobile=\"30\" data-height-tab=\"30\" data-height-tab-portrait=\"\" data-height-mobile-landscape=\"\" style=\"clear:both;display:block;\"><\/div>[\/vc_column][\/vc_row][vc_row][vc_column][vc_wp_text]<strong>8. TRANSFERENCIAS INTERNACIONALES DE DATOS<\/strong>[\/vc_wp_text][vc_wp_text]En determinadas circunstancias, sus datos personales pueden ser transferidos a pa\u00edses fuera del Espacio Econ\u00f3mico Europeo (EEE), por ejemplo, cuando se utilizan servicios inform\u00e1ticos o en la nube proporcionados por proveedores internacionales. En tales casos, nos aseguramos de que se apliquen las garant\u00edas adecuadas antes de la transferencia, tal y como se exige en los art\u00edculos 44 y siguientes del Reglamento General de Protecci\u00f3n de Datos (RGPD). Estas garant\u00edas incluyen, en particular, el uso de cl\u00e1usulas contractuales tipo (SCC) aprobadas por la Comisi\u00f3n Europea. Adem\u00e1s, evaluamos peri\u00f3dicamente si son necesarias medidas de protecci\u00f3n adicionales para garantizar un nivel adecuado de protecci\u00f3n de datos. Puede solicitar m\u00e1s informaci\u00f3n sobre las garant\u00edas establecidas en cualquier momento<strong>.<\/strong>[\/vc_wp_text]<div class=\"ult-spacer spacer-69fb4d879a077\" data-id=\"69fb4d879a077\" data-height=\"30\" data-height-mobile=\"30\" data-height-tab=\"30\" data-height-tab-portrait=\"\" data-height-mobile-landscape=\"\" style=\"clear:both;display:block;\"><\/div>[\/vc_column][\/vc_row][vc_row][vc_column][vc_wp_text]<strong>9. ACTUALIZACI\u00d3N DE SUS DATOS<\/strong>[\/vc_wp_text][vc_wp_text]Para que podamos mantener sus datos personales actualizados, es importante que nos informe cada vez que se produzca alg\u00fan cambio en ellos, de lo contrario, no nos hacemos responsables de su exactitud.<\/p>\n<p>No nos hacemos responsables de la pol\u00edtica de privacidad relativa a los datos personales que usted pueda facilitar a terceros a trav\u00e9s de los enlaces disponibles en nuestro sitio web.<\/p>\n<p>La presente Pol\u00edtica de Privacidad ha sido modificada el 9 de septiembre de 2025 y podr\u00e1 ser modificada para adaptarla a las modificaciones que se realicen en nuestro sitio web, as\u00ed como a las modificaciones legales o jurisprudenciales en materia de datos personales que puedan producirse, por lo que le rogamos que lea esta pol\u00edtica cada vez que facilite sus datos a trav\u00e9s de este sitio web.[\/vc_wp_text]<div class=\"ult-spacer spacer-69fb4d879a090\" data-id=\"69fb4d879a090\" data-height=\"30\" data-height-mobile=\"30\" data-height-tab=\"30\" data-height-tab-portrait=\"\" data-height-mobile-landscape=\"\" style=\"clear:both;display:block;\"><\/div>[\/vc_column][\/vc_row][vc_row][vc_column][\/vc_column][\/vc_row]<\/p>\n<style>\r\n            html body,\r\n            html body section.vc_section.end_footer{\r\n                background: #131314 !important;\r\n            }\r\n            html body .main-fluid *{\r\n                color: white !important;\r\n            }\r\n            <\/style><\/div>","protected":false},"excerpt":{"rendered":"<p>[vc_row][vc_column][\/vc_column][\/vc_row][vc_row][vc_column][vc_wp_text] Pol\u00edtica de privacidad [\/vc_wp_text][\/vc_column][\/vc_row][vc_row][vc_column][vc_wp_text]La confidencialidad y la seguridad son valores fundamentales de INDO OPTICAL, S.L.U., con NIF B66232976 y domicilio social en Avda. Alcalde Barnils, 72 &#8211; 08174 Sant Cugat del Vall\u00e8s (BARCELONA) e inscrita en el Registro Mercantil de MADRID en el Tomo 36.641, Folio 185, Secci\u00f3n 8, Hoja M-4657291. Por ello, nos [&hellip;]<\/p>\n","protected":false},"author":1,"featured_media":0,"parent":0,"menu_order":0,"comment_status":"closed","ping_status":"closed","template":"","meta":{"_acf_changed":false,"footnotes":""},"class_list":["post-12598","page","type-page","status-publish","hentry"],"acf":[],"yoast_head":"<!-- This site is optimized with the Yoast SEO plugin v27.4 - https:\/\/yoast.com\/product\/yoast-seo-wordpress\/ -->\n<title>Privacy Policy - Indo<\/title>\n<meta name=\"robots\" content=\"index, follow, max-snippet:-1, max-image-preview:large, max-video-preview:-1\" \/>\n<link rel=\"canonical\" href=\"https:\/\/indooptical.com\/cl\/privacy-policy\/\" \/>\n<meta property=\"og:locale\" content=\"es_ES\" \/>\n<meta property=\"og:type\" content=\"article\" \/>\n<meta property=\"og:title\" content=\"Privacy Policy - Indo\" \/>\n<meta property=\"og:description\" content=\"[vc_row][vc_column][\/vc_column][\/vc_row][vc_row][vc_column][vc_wp_text] Pol\u00edtica de privacidad [\/vc_wp_text][\/vc_column][\/vc_row][vc_row][vc_column][vc_wp_text]La confidencialidad y la seguridad son valores fundamentales de INDO OPTICAL, S.L.U., con NIF B66232976 y domicilio social en Avda. Alcalde Barnils, 72 &#8211; 08174 Sant Cugat del Vall\u00e8s (BARCELONA) e inscrita en el Registro Mercantil de MADRID en el Tomo 36.641, Folio 185, Secci\u00f3n 8, Hoja M-4657291. Por ello, nos [&hellip;]\" \/>\n<meta property=\"og:url\" content=\"https:\/\/indooptical.com\/cl\/privacy-policy\/\" \/>\n<meta property=\"og:site_name\" content=\"Indo\" \/>\n<meta property=\"article:modified_time\" content=\"2025-11-13T14:26:18+00:00\" \/>\n<meta name=\"twitter:card\" content=\"summary_large_image\" \/>\n<meta name=\"twitter:label1\" content=\"Est. reading time\" \/>\n\t<meta name=\"twitter:data1\" content=\"10 minutes\" \/>\n<script type=\"application\/ld+json\" class=\"yoast-schema-graph\">{\"@context\":\"https:\\\/\\\/schema.org\",\"@graph\":[{\"@type\":\"WebPage\",\"@id\":\"https:\\\/\\\/indooptical.com\\\/cl\\\/privacy-policy\\\/\",\"url\":\"https:\\\/\\\/indooptical.com\\\/cl\\\/privacy-policy\\\/\",\"name\":\"Privacy Policy - Indo\",\"isPartOf\":{\"@id\":\"https:\\\/\\\/indooptical.com\\\/es\\\/#website\"},\"datePublished\":\"2024-09-06T07:37:44+00:00\",\"dateModified\":\"2025-11-13T14:26:18+00:00\",\"breadcrumb\":{\"@id\":\"https:\\\/\\\/indooptical.com\\\/cl\\\/privacy-policy\\\/#breadcrumb\"},\"inLanguage\":\"es-CL\",\"potentialAction\":[{\"@type\":\"ReadAction\",\"target\":[\"https:\\\/\\\/indooptical.com\\\/cl\\\/privacy-policy\\\/\"]}]},{\"@type\":\"BreadcrumbList\",\"@id\":\"https:\\\/\\\/indooptical.com\\\/cl\\\/privacy-policy\\\/#breadcrumb\",\"itemListElement\":[{\"@type\":\"ListItem\",\"position\":1,\"name\":\"Home\",\"item\":\"https:\\\/\\\/indooptical.com\\\/cl\\\/\"},{\"@type\":\"ListItem\",\"position\":2,\"name\":\"Privacy Policy\"}]},{\"@type\":\"WebSite\",\"@id\":\"https:\\\/\\\/indooptical.com\\\/es\\\/#website\",\"url\":\"https:\\\/\\\/indooptical.com\\\/es\\\/\",\"name\":\"Indo\",\"description\":\"\",\"potentialAction\":[{\"@type\":\"SearchAction\",\"target\":{\"@type\":\"EntryPoint\",\"urlTemplate\":\"https:\\\/\\\/indooptical.com\\\/es\\\/?s={search_term_string}\"},\"query-input\":{\"@type\":\"PropertyValueSpecification\",\"valueRequired\":true,\"valueName\":\"search_term_string\"}}],\"inLanguage\":\"es-CL\"}]}<\/script>\n<!-- \/ Yoast SEO plugin. -->","yoast_head_json":{"title":"Privacy Policy - Indo","robots":{"index":"index","follow":"follow","max-snippet":"max-snippet:-1","max-image-preview":"max-image-preview:large","max-video-preview":"max-video-preview:-1"},"canonical":"https:\/\/indooptical.com\/cl\/privacy-policy\/","og_locale":"es_ES","og_type":"article","og_title":"Privacy Policy - Indo","og_description":"[vc_row][vc_column][\/vc_column][\/vc_row][vc_row][vc_column][vc_wp_text] Pol\u00edtica de privacidad [\/vc_wp_text][\/vc_column][\/vc_row][vc_row][vc_column][vc_wp_text]La confidencialidad y la seguridad son valores fundamentales de INDO OPTICAL, S.L.U., con NIF B66232976 y domicilio social en Avda. Alcalde Barnils, 72 &#8211; 08174 Sant Cugat del Vall\u00e8s (BARCELONA) e inscrita en el Registro Mercantil de MADRID en el Tomo 36.641, Folio 185, Secci\u00f3n 8, Hoja M-4657291. Por ello, nos [&hellip;]","og_url":"https:\/\/indooptical.com\/cl\/privacy-policy\/","og_site_name":"Indo","article_modified_time":"2025-11-13T14:26:18+00:00","twitter_card":"summary_large_image","twitter_misc":{"Est. reading time":"10 minutes"},"schema":{"@context":"https:\/\/schema.org","@graph":[{"@type":"WebPage","@id":"https:\/\/indooptical.com\/cl\/privacy-policy\/","url":"https:\/\/indooptical.com\/cl\/privacy-policy\/","name":"Privacy Policy - Indo","isPartOf":{"@id":"https:\/\/indooptical.com\/es\/#website"},"datePublished":"2024-09-06T07:37:44+00:00","dateModified":"2025-11-13T14:26:18+00:00","breadcrumb":{"@id":"https:\/\/indooptical.com\/cl\/privacy-policy\/#breadcrumb"},"inLanguage":"es-CL","potentialAction":[{"@type":"ReadAction","target":["https:\/\/indooptical.com\/cl\/privacy-policy\/"]}]},{"@type":"BreadcrumbList","@id":"https:\/\/indooptical.com\/cl\/privacy-policy\/#breadcrumb","itemListElement":[{"@type":"ListItem","position":1,"name":"Home","item":"https:\/\/indooptical.com\/cl\/"},{"@type":"ListItem","position":2,"name":"Privacy Policy"}]},{"@type":"WebSite","@id":"https:\/\/indooptical.com\/es\/#website","url":"https:\/\/indooptical.com\/es\/","name":"Indo","description":"","potentialAction":[{"@type":"SearchAction","target":{"@type":"EntryPoint","urlTemplate":"https:\/\/indooptical.com\/es\/?s={search_term_string}"},"query-input":{"@type":"PropertyValueSpecification","valueRequired":true,"valueName":"search_term_string"}}],"inLanguage":"es-CL"}]}},"_links":{"self":[{"href":"https:\/\/indooptical.com\/cl\/wp-json\/wp\/v2\/pages\/12598","targetHints":{"allow":["GET"]}}],"collection":[{"href":"https:\/\/indooptical.com\/cl\/wp-json\/wp\/v2\/pages"}],"about":[{"href":"https:\/\/indooptical.com\/cl\/wp-json\/wp\/v2\/types\/page"}],"author":[{"embeddable":true,"href":"https:\/\/indooptical.com\/cl\/wp-json\/wp\/v2\/users\/1"}],"replies":[{"embeddable":true,"href":"https:\/\/indooptical.com\/cl\/wp-json\/wp\/v2\/comments?post=12598"}],"version-history":[{"count":2,"href":"https:\/\/indooptical.com\/cl\/wp-json\/wp\/v2\/pages\/12598\/revisions"}],"predecessor-version":[{"id":21505,"href":"https:\/\/indooptical.com\/cl\/wp-json\/wp\/v2\/pages\/12598\/revisions\/21505"}],"wp:attachment":[{"href":"https:\/\/indooptical.com\/cl\/wp-json\/wp\/v2\/media?parent=12598"}],"curies":[{"name":"wp","href":"https:\/\/api.w.org\/{rel}","templated":true}]}}