{"id":12592,"date":"2025-04-08T15:26:07","date_gmt":"2025-04-08T13:26:07","guid":{"rendered":"https:\/\/indooptical.com\/legal\/"},"modified":"2025-11-13T15:20:37","modified_gmt":"2025-11-13T14:20:37","slug":"legal","status":"publish","type":"page","link":"https:\/\/indooptical.com\/cl\/legal\/","title":{"rendered":"Legal Notice"},"content":{"rendered":"<div class=\"wpb-content-wrapper\"><p>[vc_row][vc_column]<div class=\"spacer\"><\/div><div class='spacer display-none-mobile' style='height: 15vh;'><\/div><div class='spacer display-none-desktop' style='height: 75px;'><\/div>[\/vc_column][\/vc_row][vc_row][vc_column][vc_wp_text]<\/p>\n<p class=\"title-h2\" style=\"text-align: left;\">Aviso legal<\/p>\n<p>[\/vc_wp_text][\/vc_column][\/vc_row][vc_row][vc_column][vc_wp_text]Esta p\u00e1gina Web es propiedad de INDO OPTICAL, S.L.U., con NIF n\u00ba B66232976 y domicilio en Avda. Alcalde Barnils 72 08174 Sant Cugat del Vall\u00e9s (BARCELONA) e inscrita en el Registro Mercantil de MADRID en el Tomo 36.641, Folio 185, Secc. 8, Hoja M-4657291.<\/p>\n<p>Para cualquier consulta o propuesta, cont\u00e1ctenos en el e-mail:\u00a0info@indo.es<\/p>\n<p>Esta p\u00e1gina Web se rige por la normativa exclusivamente aplicable en Espa\u00f1a, quedando sometida a ella, tanto nacionales como extranjeros que utilicen esta Web.<\/p>\n<p>El acceso a nuestra p\u00e1gina Web por parte del USUARIO es gratuito y est\u00e1 condicionado a la previa lectura y aceptaci\u00f3n integra, expresa y sin reservas de las presentes CONDICIONES GENERALES DE USO vigentes en el momento del acceso, que rogamos lea detenidamente. El USUARIO en el momento que utiliza nuestro portal, sus contenidos o servicios, acepta y se somete expresamente a las condiciones generales de uso del mismo. Si el usuario no estuviere de acuerdo con las presentes condiciones de uso, deber\u00e1 abstenerse de utilizar este portal y operar por medio del mismo.<\/p>\n<p>En cualquier momento podremos modificar la presentaci\u00f3n y configuraci\u00f3n de nuestra Web, al objeto de mantener actualizada su informaci\u00f3n, corregir los contenidos publicados, ampliar o reducir servicios, e incluso suprimirla de la Red, as\u00ed como los servicios y contenidos prestados, todo ello de forma unilateral y sin previo aviso.[\/vc_wp_text]<div class=\"ult-spacer spacer-69fb5ae59f471\" data-id=\"69fb5ae59f471\" data-height=\"30\" data-height-mobile=\"30\" data-height-tab=\"30\" data-height-tab-portrait=\"\" data-height-mobile-landscape=\"\" style=\"clear:both;display:block;\"><\/div>[\/vc_column][\/vc_row][vc_row][vc_column][vc_wp_text]<\/p>\n<p class=\"title-h4\" style=\"text-align: left;\">A. PROPIEDAD INTELECTUAL E INDUSTRIAL<\/p>\n<p>[\/vc_wp_text][vc_wp_text]Todos los contenidos, textos, im\u00e1genes, marcas y c\u00f3digos fuente son de nuestra propiedad o de terceros a los que se han adquirido sus derechos de explotaci\u00f3n, y est\u00e1n protegidos por los correspondientes derechos de Propiedad Intelectual e Industrial.<\/p>\n<p>&nbsp;<\/p>\n<p>El usuario \u00fanicamente tiene derecho a un uso privado de los mismos, sin \u00e1nimo de lucro, y necesita autorizaci\u00f3n expresa para modificarlos, reproducirlos, explotarlos, distribuirlos o ejercer cualquier derecho perteneciente a su titular. Queda prohibido suprimir, eludir y\/o manipular el \u00abcopyright\u00bb as\u00ed como los dispositivos t\u00e9cnicos de protecci\u00f3n, o cualesquiera mecanismos de informaci\u00f3n que pudieren contener los contenidos. El Usuario de esta p\u00e1gina Web se compromete a respetar los derechos enunciados y a evitar cualquier actuaci\u00f3n que pudiera perjudicarlos, reserv\u00e1ndose en todo caso la empresa el ejercicio de cuantos medios o acciones legales le correspondan en defensa de sus leg\u00edtimos derechos de propiedad intelectual e industrial.[\/vc_wp_text]<div class=\"ult-spacer spacer-69fb5ae59f4a0\" data-id=\"69fb5ae59f4a0\" data-height=\"30\" data-height-mobile=\"30\" data-height-tab=\"30\" data-height-tab-portrait=\"\" data-height-mobile-landscape=\"\" style=\"clear:both;display:block;\"><\/div>[\/vc_column][\/vc_row][vc_row][vc_column][vc_wp_text]<\/p>\n<p class=\"title-h4\" style=\"text-align: left;\">B. CONDICIONES DE ACCESO<\/p>\n<p>[\/vc_wp_text][vc_wp_text]El acceso a nuestra p\u00e1gina Web es gratuito y no exige previa suscripci\u00f3n o registro.<\/p>\n<p>&nbsp;<\/p>\n<p>El env\u00edo de datos personales implica la aceptaci\u00f3n expresa por parte del USUARIO de nuestra pol\u00edtica de privacidad<\/p>\n<p>&nbsp;<\/p>\n<p>El usuario debe acceder a nuestra p\u00e1gina Web conforme a la buena fe, las normas de orden p\u00fablico y a las presentes Condiciones Generales de uso. El acceso a nuestro sitio Web se realiza bajo la propia y exclusiva responsabilidad del usuario, que responder\u00e1 en todo caso de los da\u00f1os y perjuicios que pueda causar a terceros o a nosotros mismos.<\/p>\n<p>&nbsp;<\/p>\n<p>Teniendo en cuenta la imposibilidad de control respecto a la informaci\u00f3n, contenidos y servicios que contengan otras p\u00e1ginas web a los que se pueda acceder a trav\u00e9s de los enlaces que nuestra p\u00e1gina web pueda poner a su disposici\u00f3n, le comunicamos que quedamos eximidos de cualquier responsabilidad por los da\u00f1os y perjuicios de toda clase que pudiesen derivar por la utilizaci\u00f3n de esas p\u00e1ginas web, ajenas a nuestra empresa, por parte del usuario. Asimismo, no nos hacemos responsables de la legalidad de otros sitios web de terceros desde los que pueda accederse a nuestra p\u00e1gina web.[\/vc_wp_text]<div class=\"ult-spacer spacer-69fb5ae59f4c1\" data-id=\"69fb5ae59f4c1\" data-height=\"30\" data-height-mobile=\"30\" data-height-tab=\"30\" data-height-tab-portrait=\"\" data-height-mobile-landscape=\"\" style=\"clear:both;display:block;\"><\/div>[\/vc_column][\/vc_row][vc_row][vc_column][vc_wp_text]<\/p>\n<p class=\"title-h4\" style=\"text-align: left;\">C. RESPONSABILIDADES<\/p>\n<p>[\/vc_wp_text][vc_wp_text]Al poner a disposici\u00f3n del usuario esta p\u00e1gina Web queremos ofrecerle un servicio de calidad, utilizando la m\u00e1xima diligencia en la prestaci\u00f3n del mismo, as\u00ed como en los medios tecnol\u00f3gicos utilizados. No obstante, no responderemos de la presencia de virus y otros elementos que de alg\u00fan modo puedan da\u00f1ar el sistema inform\u00e1tico del usuario.<\/p>\n<p>No garantizamos que la disponibilidad del servicio sea continua e ininterrumpida.<\/p>\n<p>&nbsp;<\/p>\n<p>El USUARIO tiene prohibido cualquier tipo de acci\u00f3n sobre nuestro portal que origine una excesiva sobrecarga de funcionamiento a nuestros sistemas inform\u00e1ticos, as\u00ed como la introducci\u00f3n de virus, o instalaci\u00f3n de robots, o software que altere el normal funcionamiento de nuestra web, o en definitiva pueda causar da\u00f1os a nuestros sistemas inform\u00e1ticos.<\/p>\n<p>&nbsp;<\/p>\n<p>El USUARIO asume toda la responsabilidad derivada del uso de nuestra p\u00e1gina web.<\/p>\n<p>&nbsp;<\/p>\n<p>El USUARIO reconoce que ha entendido toda la informaci\u00f3n respecto a las condiciones de uso de nuestro portal, y reconoce que son suficientes para la exclusi\u00f3n del error en las mismas, y por lo tanto, las acepta integra y expresamente.[\/vc_wp_text]<div class=\"ult-spacer spacer-69fb5ae59f4df\" data-id=\"69fb5ae59f4df\" data-height=\"30\" data-height-mobile=\"30\" data-height-tab=\"30\" data-height-tab-portrait=\"\" data-height-mobile-landscape=\"\" style=\"clear:both;display:block;\"><\/div>[\/vc_column][\/vc_row][vc_row][vc_column][\/vc_column][\/vc_row]<\/p>\n<style>\r\n            html body,\r\n            html body section.vc_section.end_footer{\r\n                background: #131314 !important;\r\n            }\r\n            html body .main-fluid *{\r\n                color: white !important;\r\n            }\r\n            <\/style><\/div>","protected":false},"excerpt":{"rendered":"<p>[vc_row][vc_column][\/vc_column][\/vc_row][vc_row][vc_column][vc_wp_text] Aviso legal [\/vc_wp_text][\/vc_column][\/vc_row][vc_row][vc_column][vc_wp_text]Esta p\u00e1gina Web es propiedad de INDO OPTICAL, S.L.U., con NIF n\u00ba B66232976 y domicilio en Avda. Alcalde Barnils 72 08174 Sant Cugat del Vall\u00e9s (BARCELONA) e inscrita en el Registro Mercantil de MADRID en el Tomo 36.641, Folio 185, Secc. 8, Hoja M-4657291. Para cualquier consulta o propuesta, cont\u00e1ctenos en el [&hellip;]<\/p>\n","protected":false},"author":1,"featured_media":0,"parent":0,"menu_order":0,"comment_status":"closed","ping_status":"open","template":"","meta":{"_acf_changed":false,"footnotes":""},"class_list":["post-12592","page","type-page","status-publish","hentry"],"acf":[],"yoast_head":"<!-- This site is optimized with the Yoast SEO plugin v27.4 - https:\/\/yoast.com\/product\/yoast-seo-wordpress\/ -->\n<title>Legal Notice - Indo<\/title>\n<meta name=\"robots\" content=\"index, follow, max-snippet:-1, max-image-preview:large, max-video-preview:-1\" \/>\n<link rel=\"canonical\" href=\"https:\/\/indooptical.com\/cl\/legal\/\" \/>\n<meta property=\"og:locale\" content=\"es_ES\" \/>\n<meta property=\"og:type\" content=\"article\" \/>\n<meta property=\"og:title\" content=\"Legal Notice - Indo\" \/>\n<meta property=\"og:description\" content=\"[vc_row][vc_column][\/vc_column][\/vc_row][vc_row][vc_column][vc_wp_text] Aviso legal [\/vc_wp_text][\/vc_column][\/vc_row][vc_row][vc_column][vc_wp_text]Esta p\u00e1gina Web es propiedad de INDO OPTICAL, S.L.U., con NIF n\u00ba B66232976 y domicilio en Avda. Alcalde Barnils 72 08174 Sant Cugat del Vall\u00e9s (BARCELONA) e inscrita en el Registro Mercantil de MADRID en el Tomo 36.641, Folio 185, Secc. 8, Hoja M-4657291. Para cualquier consulta o propuesta, cont\u00e1ctenos en el [&hellip;]\" \/>\n<meta property=\"og:url\" content=\"https:\/\/indooptical.com\/cl\/legal\/\" \/>\n<meta property=\"og:site_name\" content=\"Indo\" \/>\n<meta property=\"article:modified_time\" content=\"2025-11-13T14:20:37+00:00\" \/>\n<meta name=\"twitter:card\" content=\"summary_large_image\" \/>\n<meta name=\"twitter:label1\" content=\"Est. reading time\" \/>\n\t<meta name=\"twitter:data1\" content=\"3 minutes\" \/>\n<script type=\"application\/ld+json\" class=\"yoast-schema-graph\">{\"@context\":\"https:\\\/\\\/schema.org\",\"@graph\":[{\"@type\":\"WebPage\",\"@id\":\"https:\\\/\\\/indooptical.com\\\/cl\\\/legal\\\/\",\"url\":\"https:\\\/\\\/indooptical.com\\\/cl\\\/legal\\\/\",\"name\":\"Legal Notice - Indo\",\"isPartOf\":{\"@id\":\"https:\\\/\\\/indooptical.com\\\/es\\\/#website\"},\"datePublished\":\"2025-04-08T13:26:07+00:00\",\"dateModified\":\"2025-11-13T14:20:37+00:00\",\"breadcrumb\":{\"@id\":\"https:\\\/\\\/indooptical.com\\\/cl\\\/legal\\\/#breadcrumb\"},\"inLanguage\":\"es-CL\",\"potentialAction\":[{\"@type\":\"ReadAction\",\"target\":[\"https:\\\/\\\/indooptical.com\\\/cl\\\/legal\\\/\"]}]},{\"@type\":\"BreadcrumbList\",\"@id\":\"https:\\\/\\\/indooptical.com\\\/cl\\\/legal\\\/#breadcrumb\",\"itemListElement\":[{\"@type\":\"ListItem\",\"position\":1,\"name\":\"Home\",\"item\":\"https:\\\/\\\/indooptical.com\\\/cl\\\/\"},{\"@type\":\"ListItem\",\"position\":2,\"name\":\"Legal Notice\"}]},{\"@type\":\"WebSite\",\"@id\":\"https:\\\/\\\/indooptical.com\\\/es\\\/#website\",\"url\":\"https:\\\/\\\/indooptical.com\\\/es\\\/\",\"name\":\"Indo\",\"description\":\"\",\"potentialAction\":[{\"@type\":\"SearchAction\",\"target\":{\"@type\":\"EntryPoint\",\"urlTemplate\":\"https:\\\/\\\/indooptical.com\\\/es\\\/?s={search_term_string}\"},\"query-input\":{\"@type\":\"PropertyValueSpecification\",\"valueRequired\":true,\"valueName\":\"search_term_string\"}}],\"inLanguage\":\"es-CL\"}]}<\/script>\n<!-- \/ Yoast SEO plugin. -->","yoast_head_json":{"title":"Legal Notice - Indo","robots":{"index":"index","follow":"follow","max-snippet":"max-snippet:-1","max-image-preview":"max-image-preview:large","max-video-preview":"max-video-preview:-1"},"canonical":"https:\/\/indooptical.com\/cl\/legal\/","og_locale":"es_ES","og_type":"article","og_title":"Legal Notice - Indo","og_description":"[vc_row][vc_column][\/vc_column][\/vc_row][vc_row][vc_column][vc_wp_text] Aviso legal [\/vc_wp_text][\/vc_column][\/vc_row][vc_row][vc_column][vc_wp_text]Esta p\u00e1gina Web es propiedad de INDO OPTICAL, S.L.U., con NIF n\u00ba B66232976 y domicilio en Avda. Alcalde Barnils 72 08174 Sant Cugat del Vall\u00e9s (BARCELONA) e inscrita en el Registro Mercantil de MADRID en el Tomo 36.641, Folio 185, Secc. 8, Hoja M-4657291. Para cualquier consulta o propuesta, cont\u00e1ctenos en el [&hellip;]","og_url":"https:\/\/indooptical.com\/cl\/legal\/","og_site_name":"Indo","article_modified_time":"2025-11-13T14:20:37+00:00","twitter_card":"summary_large_image","twitter_misc":{"Est. reading time":"3 minutes"},"schema":{"@context":"https:\/\/schema.org","@graph":[{"@type":"WebPage","@id":"https:\/\/indooptical.com\/cl\/legal\/","url":"https:\/\/indooptical.com\/cl\/legal\/","name":"Legal Notice - Indo","isPartOf":{"@id":"https:\/\/indooptical.com\/es\/#website"},"datePublished":"2025-04-08T13:26:07+00:00","dateModified":"2025-11-13T14:20:37+00:00","breadcrumb":{"@id":"https:\/\/indooptical.com\/cl\/legal\/#breadcrumb"},"inLanguage":"es-CL","potentialAction":[{"@type":"ReadAction","target":["https:\/\/indooptical.com\/cl\/legal\/"]}]},{"@type":"BreadcrumbList","@id":"https:\/\/indooptical.com\/cl\/legal\/#breadcrumb","itemListElement":[{"@type":"ListItem","position":1,"name":"Home","item":"https:\/\/indooptical.com\/cl\/"},{"@type":"ListItem","position":2,"name":"Legal Notice"}]},{"@type":"WebSite","@id":"https:\/\/indooptical.com\/es\/#website","url":"https:\/\/indooptical.com\/es\/","name":"Indo","description":"","potentialAction":[{"@type":"SearchAction","target":{"@type":"EntryPoint","urlTemplate":"https:\/\/indooptical.com\/es\/?s={search_term_string}"},"query-input":{"@type":"PropertyValueSpecification","valueRequired":true,"valueName":"search_term_string"}}],"inLanguage":"es-CL"}]}},"_links":{"self":[{"href":"https:\/\/indooptical.com\/cl\/wp-json\/wp\/v2\/pages\/12592","targetHints":{"allow":["GET"]}}],"collection":[{"href":"https:\/\/indooptical.com\/cl\/wp-json\/wp\/v2\/pages"}],"about":[{"href":"https:\/\/indooptical.com\/cl\/wp-json\/wp\/v2\/types\/page"}],"author":[{"embeddable":true,"href":"https:\/\/indooptical.com\/cl\/wp-json\/wp\/v2\/users\/1"}],"replies":[{"embeddable":true,"href":"https:\/\/indooptical.com\/cl\/wp-json\/wp\/v2\/comments?post=12592"}],"version-history":[{"count":2,"href":"https:\/\/indooptical.com\/cl\/wp-json\/wp\/v2\/pages\/12592\/revisions"}],"predecessor-version":[{"id":21499,"href":"https:\/\/indooptical.com\/cl\/wp-json\/wp\/v2\/pages\/12592\/revisions\/21499"}],"wp:attachment":[{"href":"https:\/\/indooptical.com\/cl\/wp-json\/wp\/v2\/media?parent=12592"}],"curies":[{"name":"wp","href":"https:\/\/api.w.org\/{rel}","templated":true}]}}