{"id":12764,"date":"2025-04-08T15:26:07","date_gmt":"2025-04-08T13:26:07","guid":{"rendered":"https:\/\/indooptical.com\/legal\/"},"modified":"2025-11-13T15:21:59","modified_gmt":"2025-11-13T14:21:59","slug":"legal","status":"publish","type":"page","link":"https:\/\/indooptical.com\/br\/legal\/","title":{"rendered":"Legal Notice"},"content":{"rendered":"<div class=\"wpb-content-wrapper\"><p>[vc_row][vc_column]<div class=\"spacer\"><\/div><div class='spacer display-none-mobile' style='height: 15vh;'><\/div><div class='spacer display-none-desktop' style='height: 75px;'><\/div>[\/vc_column][\/vc_row][vc_row][vc_column][vc_wp_text]<\/p>\n<p class=\"title-h2\" style=\"text-align: left;\">Aviso legal<\/p>\n<p>[\/vc_wp_text][\/vc_column][\/vc_row][vc_row][vc_column][vc_wp_text]Este website \u00e9 propriedade da INDO OPTICAL, S.L.U., com o N\u00famero de Identifica\u00e7\u00e3o Fiscal B66232976 e sede social na Avda. Alcalde Barnils 72 08174 Sant Cugat del Vall\u00e9s (BARCELONA), registada no Registo Comercial de MADRID no Volume 36.641, Folha 185, Sec\u00e7\u00e3o 8, P\u00e1gina M-4657291.<\/p>\n<p>&nbsp;<\/p>\n<p>Para qualquer d\u00favida ou proposta, contacte-nos por e-mail: info@indo.es<\/p>\n<p>&nbsp;<\/p>\n<p>Este website \u00e9 regido exclusivamente pela legisla\u00e7\u00e3o aplic\u00e1vel em Espanha, sendo sujeito a esta legisla\u00e7\u00e3o tanto os utilizadores nacionais como estrangeiros que utilizem este website.<\/p>\n<p>&nbsp;<\/p>\n<p>O acesso ao nosso website por parte do UTILIZADOR \u00e9 gratuito e est\u00e1 condicionado \u00e0 leitura pr\u00e9via e aceita\u00e7\u00e3o integral, expressa e sem reservas das presentes CONDI\u00c7\u00d5ES GERAIS DE UTILIZA\u00c7\u00c3O em vigor no momento do acesso, que lhe pedimos que leia atentamente. O UTILIZADOR, ao utilizar o nosso portal, os seus conte\u00fados ou servi\u00e7os, aceita e submete-se expressamente \u00e0s suas condi\u00e7\u00f5es gerais. Caso o utilizador n\u00e3o concorde com estas condi\u00e7\u00f5es de utiliza\u00e7\u00e3o, dever\u00e1 abster-se de utilizar este portal e de operar atrav\u00e9s dele.<\/p>\n<p>&nbsp;<\/p>\n<p>Podemos modificar a apresenta\u00e7\u00e3o e configura\u00e7\u00e3o do nosso website a qualquer momento, com o objetivo de manter a informa\u00e7\u00e3o atualizada, corrigir conte\u00fados publicados, ampliar ou reduzir servi\u00e7os, e at\u00e9 remov\u00ea-lo da rede, bem como os servi\u00e7os e conte\u00fados fornecidos, tudo de forma unilateral e sem aviso pr\u00e9vio.[\/vc_wp_text]<div class=\"ult-spacer spacer-69fb4d9f52e87\" data-id=\"69fb4d9f52e87\" data-height=\"30\" data-height-mobile=\"30\" data-height-tab=\"30\" data-height-tab-portrait=\"\" data-height-mobile-landscape=\"\" style=\"clear:both;display:block;\"><\/div>[\/vc_column][\/vc_row][vc_row][vc_column][vc_wp_text]A. PROPRIEDADE INTELECTUAL E INDUSTRIAL[\/vc_wp_text][vc_wp_text]Todos os conte\u00fados, textos, imagens, marcas e c\u00f3digos-fonte s\u00e3o propriedade nossa ou de terceiros cujos direitos de explora\u00e7\u00e3o tenham sido adquiridos, estando protegidos pelos correspondentes direitos de Propriedade Intelectual e Industrial.<\/p>\n<p>&nbsp;<\/p>\n<p>O utilizador apenas tem direito a um uso privado, sem fins lucrativos, sendo necess\u00e1ria autoriza\u00e7\u00e3o expressa para modificar, reproduzir, explorar, distribuir ou exercer qualquer direito pertencente ao titular. \u00c9 proibido eliminar, evitar e\/ou manipular o copyright, bem como os dispositivos de prote\u00e7\u00e3o t\u00e9cnica ou quaisquer mecanismos de informa\u00e7\u00e3o que possam estar inclu\u00eddos nos conte\u00fados. O Utilizador deste website compromete-se a respeitar os direitos acima mencionados e a evitar qualquer a\u00e7\u00e3o que os possa prejudicar, e, em qualquer caso, a empresa reserva-se o direito de exercer todos os meios ou a\u00e7\u00f5es legais que lhe correspondam em defesa dos seus leg\u00edtimos direitos de propriedade intelectual e industrial.[\/vc_wp_text]<div class=\"ult-spacer spacer-69fb4d9f52eb5\" data-id=\"69fb4d9f52eb5\" data-height=\"30\" data-height-mobile=\"30\" data-height-tab=\"30\" data-height-tab-portrait=\"\" data-height-mobile-landscape=\"\" style=\"clear:both;display:block;\"><\/div>[\/vc_column][\/vc_row][vc_row][vc_column][vc_wp_text]<\/p>\n<p class=\"title-h4\" style=\"text-align: left;\">B. CONDI\u00c7\u00d5ES DE ACESSO<\/p>\n<p>[\/vc_wp_text][vc_wp_text]O acesso ao nosso website \u00e9 gratuito e n\u00e3o requer subscri\u00e7\u00e3o ou registo pr\u00e9vios.<\/p>\n<p>&nbsp;<\/p>\n<p>O envio de dados pessoais implica a aceita\u00e7\u00e3o expressa por parte do UTILIZADOR da nossa pol\u00edtica de privacidade.<\/p>\n<p>&nbsp;<\/p>\n<p>O utilizador deve aceder ao nosso website de acordo com a boa-f\u00e9, as normas de ordem p\u00fablica e estas Condi\u00e7\u00f5es Gerais de Utiliza\u00e7\u00e3o. O acesso ao nosso website \u00e9 da exclusiva responsabilidade do utilizador, que ser\u00e1 sempre respons\u00e1vel por quaisquer danos que possa causar a terceiros ou a n\u00f3s.<\/p>\n<p>&nbsp;<\/p>\n<p>Tendo em conta a impossibilidade de controlar a informa\u00e7\u00e3o, conte\u00fados e servi\u00e7os de outros websites que possam ser acedidos atrav\u00e9s das liga\u00e7\u00f5es disponibilizadas no nosso website, informamos que estamos isentos de qualquer responsabilidade por danos de qualquer natureza que possam resultar da utiliza\u00e7\u00e3o desses websites externos por parte do utilizador. Do mesmo modo, n\u00e3o nos responsabilizamos pela legalidade de outros websites de terceiros a partir dos quais o nosso website possa ser acedido.[\/vc_wp_text]<div class=\"ult-spacer spacer-69fb4d9f52ed6\" data-id=\"69fb4d9f52ed6\" data-height=\"30\" data-height-mobile=\"30\" data-height-tab=\"30\" data-height-tab-portrait=\"\" data-height-mobile-landscape=\"\" style=\"clear:both;display:block;\"><\/div>[\/vc_column][\/vc_row][vc_row][vc_column][vc_wp_text]<\/p>\n<p class=\"title-h4\" style=\"text-align: left;\">C. RESPONSABILIDADE<\/p>\n<p>[\/vc_wp_text][vc_wp_text]Ao disponibilizar este website ao utilizador, pretendemos oferecer um servi\u00e7o de qualidade, aplicando a m\u00e1xima dilig\u00eancia na sua presta\u00e7\u00e3o e nos meios tecnol\u00f3gicos utilizados. No entanto, n\u00e3o nos responsabilizamos pela presen\u00e7a de v\u00edrus ou outros elementos que possam danificar o sistema inform\u00e1tico do utilizador.<\/p>\n<p>&nbsp;<\/p>\n<p>N\u00e3o garantimos que a disponibilidade do servi\u00e7o seja cont\u00ednua e ininterrupta.<\/p>\n<p>&nbsp;<\/p>\n<p>\u00c9 proibida ao UTILIZADOR qualquer a\u00e7\u00e3o no nosso website que cause uma sobrecarga excessiva dos nossos sistemas inform\u00e1ticos, bem como a introdu\u00e7\u00e3o de v\u00edrus, instala\u00e7\u00e3o de robots ou software que altere o funcionamento normal do nosso website, ou que, de qualquer forma, possa causar danos aos nossos sistemas inform\u00e1ticos.<\/p>\n<p>&nbsp;<\/p>\n<p>O UTILIZADOR assume toda a responsabilidade decorrente da utiliza\u00e7\u00e3o do nosso website.<\/p>\n<p>&nbsp;<\/p>\n<p>O UTILIZADOR declara ter compreendido toda a informa\u00e7\u00e3o relativa \u00e0s condi\u00e7\u00f5es de utiliza\u00e7\u00e3o do nosso portal e reconhece que estas s\u00e3o suficientes para excluir qualquer erro, aceitando-as, portanto, de forma expressa e integral.[\/vc_wp_text]<div class=\"ult-spacer spacer-69fb4d9f52ef4\" data-id=\"69fb4d9f52ef4\" data-height=\"30\" data-height-mobile=\"30\" data-height-tab=\"30\" data-height-tab-portrait=\"\" data-height-mobile-landscape=\"\" style=\"clear:both;display:block;\"><\/div>[\/vc_column][\/vc_row]<\/p>\n<style>\r\n            html body,\r\n            html body section.vc_section.end_footer{\r\n                background: #131314 !important;\r\n            }\r\n            html body .main-fluid *{\r\n                color: white !important;\r\n            }\r\n            <\/style><\/div>","protected":false},"excerpt":{"rendered":"<p>[vc_row][vc_column][\/vc_column][\/vc_row][vc_row][vc_column][vc_wp_text] Aviso legal [\/vc_wp_text][\/vc_column][\/vc_row][vc_row][vc_column][vc_wp_text]Este website \u00e9 propriedade da INDO OPTICAL, S.L.U., com o N\u00famero de Identifica\u00e7\u00e3o Fiscal B66232976 e sede social na Avda. Alcalde Barnils 72 08174 Sant Cugat del Vall\u00e9s (BARCELONA), registada no Registo Comercial de MADRID no Volume 36.641, Folha 185, Sec\u00e7\u00e3o 8, P\u00e1gina M-4657291. &nbsp; Para qualquer d\u00favida ou proposta, contacte-nos por [&hellip;]<\/p>\n","protected":false},"author":1,"featured_media":0,"parent":0,"menu_order":0,"comment_status":"closed","ping_status":"open","template":"","meta":{"_acf_changed":false,"footnotes":""},"class_list":["post-12764","page","type-page","status-publish","hentry"],"acf":[],"yoast_head":"<!-- This site is optimized with the Yoast SEO plugin v27.4 - https:\/\/yoast.com\/product\/yoast-seo-wordpress\/ -->\n<title>Legal Notice - Indo<\/title>\n<meta name=\"robots\" content=\"index, follow, max-snippet:-1, max-image-preview:large, max-video-preview:-1\" \/>\n<link rel=\"canonical\" href=\"https:\/\/indooptical.com\/br\/legal\/\" \/>\n<meta property=\"og:locale\" content=\"pt_BR\" \/>\n<meta property=\"og:type\" content=\"article\" \/>\n<meta property=\"og:title\" content=\"Legal Notice - Indo\" \/>\n<meta property=\"og:description\" content=\"[vc_row][vc_column][\/vc_column][\/vc_row][vc_row][vc_column][vc_wp_text] Aviso legal [\/vc_wp_text][\/vc_column][\/vc_row][vc_row][vc_column][vc_wp_text]Este website \u00e9 propriedade da INDO OPTICAL, S.L.U., com o N\u00famero de Identifica\u00e7\u00e3o Fiscal B66232976 e sede social na Avda. Alcalde Barnils 72 08174 Sant Cugat del Vall\u00e9s (BARCELONA), registada no Registo Comercial de MADRID no Volume 36.641, Folha 185, Sec\u00e7\u00e3o 8, P\u00e1gina M-4657291. &nbsp; Para qualquer d\u00favida ou proposta, contacte-nos por [&hellip;]\" \/>\n<meta property=\"og:url\" content=\"https:\/\/indooptical.com\/br\/legal\/\" \/>\n<meta property=\"og:site_name\" content=\"Indo\" \/>\n<meta property=\"article:modified_time\" content=\"2025-11-13T14:21:59+00:00\" \/>\n<meta name=\"twitter:card\" content=\"summary_large_image\" \/>\n<meta name=\"twitter:label1\" content=\"Est. tempo de leitura\" \/>\n\t<meta name=\"twitter:data1\" content=\"4 minutos\" \/>\n<script type=\"application\/ld+json\" class=\"yoast-schema-graph\">{\"@context\":\"https:\\\/\\\/schema.org\",\"@graph\":[{\"@type\":\"WebPage\",\"@id\":\"https:\\\/\\\/indooptical.com\\\/br\\\/legal\\\/\",\"url\":\"https:\\\/\\\/indooptical.com\\\/br\\\/legal\\\/\",\"name\":\"Legal Notice - Indo\",\"isPartOf\":{\"@id\":\"https:\\\/\\\/indooptical.com\\\/es\\\/#website\"},\"datePublished\":\"2025-04-08T13:26:07+00:00\",\"dateModified\":\"2025-11-13T14:21:59+00:00\",\"breadcrumb\":{\"@id\":\"https:\\\/\\\/indooptical.com\\\/br\\\/legal\\\/#breadcrumb\"},\"inLanguage\":\"pt-BR\",\"potentialAction\":[{\"@type\":\"ReadAction\",\"target\":[\"https:\\\/\\\/indooptical.com\\\/br\\\/legal\\\/\"]}]},{\"@type\":\"BreadcrumbList\",\"@id\":\"https:\\\/\\\/indooptical.com\\\/br\\\/legal\\\/#breadcrumb\",\"itemListElement\":[{\"@type\":\"ListItem\",\"position\":1,\"name\":\"Home\",\"item\":\"https:\\\/\\\/indooptical.com\\\/br\\\/\"},{\"@type\":\"ListItem\",\"position\":2,\"name\":\"Legal Notice\"}]},{\"@type\":\"WebSite\",\"@id\":\"https:\\\/\\\/indooptical.com\\\/es\\\/#website\",\"url\":\"https:\\\/\\\/indooptical.com\\\/es\\\/\",\"name\":\"Indo\",\"description\":\"\",\"potentialAction\":[{\"@type\":\"SearchAction\",\"target\":{\"@type\":\"EntryPoint\",\"urlTemplate\":\"https:\\\/\\\/indooptical.com\\\/es\\\/?s={search_term_string}\"},\"query-input\":{\"@type\":\"PropertyValueSpecification\",\"valueRequired\":true,\"valueName\":\"search_term_string\"}}],\"inLanguage\":\"pt-BR\"}]}<\/script>\n<!-- \/ Yoast SEO plugin. -->","yoast_head_json":{"title":"Legal Notice - Indo","robots":{"index":"index","follow":"follow","max-snippet":"max-snippet:-1","max-image-preview":"max-image-preview:large","max-video-preview":"max-video-preview:-1"},"canonical":"https:\/\/indooptical.com\/br\/legal\/","og_locale":"pt_BR","og_type":"article","og_title":"Legal Notice - Indo","og_description":"[vc_row][vc_column][\/vc_column][\/vc_row][vc_row][vc_column][vc_wp_text] Aviso legal [\/vc_wp_text][\/vc_column][\/vc_row][vc_row][vc_column][vc_wp_text]Este website \u00e9 propriedade da INDO OPTICAL, S.L.U., com o N\u00famero de Identifica\u00e7\u00e3o Fiscal B66232976 e sede social na Avda. Alcalde Barnils 72 08174 Sant Cugat del Vall\u00e9s (BARCELONA), registada no Registo Comercial de MADRID no Volume 36.641, Folha 185, Sec\u00e7\u00e3o 8, P\u00e1gina M-4657291. &nbsp; Para qualquer d\u00favida ou proposta, contacte-nos por [&hellip;]","og_url":"https:\/\/indooptical.com\/br\/legal\/","og_site_name":"Indo","article_modified_time":"2025-11-13T14:21:59+00:00","twitter_card":"summary_large_image","twitter_misc":{"Est. tempo de leitura":"4 minutos"},"schema":{"@context":"https:\/\/schema.org","@graph":[{"@type":"WebPage","@id":"https:\/\/indooptical.com\/br\/legal\/","url":"https:\/\/indooptical.com\/br\/legal\/","name":"Legal Notice - Indo","isPartOf":{"@id":"https:\/\/indooptical.com\/es\/#website"},"datePublished":"2025-04-08T13:26:07+00:00","dateModified":"2025-11-13T14:21:59+00:00","breadcrumb":{"@id":"https:\/\/indooptical.com\/br\/legal\/#breadcrumb"},"inLanguage":"pt-BR","potentialAction":[{"@type":"ReadAction","target":["https:\/\/indooptical.com\/br\/legal\/"]}]},{"@type":"BreadcrumbList","@id":"https:\/\/indooptical.com\/br\/legal\/#breadcrumb","itemListElement":[{"@type":"ListItem","position":1,"name":"Home","item":"https:\/\/indooptical.com\/br\/"},{"@type":"ListItem","position":2,"name":"Legal Notice"}]},{"@type":"WebSite","@id":"https:\/\/indooptical.com\/es\/#website","url":"https:\/\/indooptical.com\/es\/","name":"Indo","description":"","potentialAction":[{"@type":"SearchAction","target":{"@type":"EntryPoint","urlTemplate":"https:\/\/indooptical.com\/es\/?s={search_term_string}"},"query-input":{"@type":"PropertyValueSpecification","valueRequired":true,"valueName":"search_term_string"}}],"inLanguage":"pt-BR"}]}},"_links":{"self":[{"href":"https:\/\/indooptical.com\/br\/wp-json\/wp\/v2\/pages\/12764","targetHints":{"allow":["GET"]}}],"collection":[{"href":"https:\/\/indooptical.com\/br\/wp-json\/wp\/v2\/pages"}],"about":[{"href":"https:\/\/indooptical.com\/br\/wp-json\/wp\/v2\/types\/page"}],"author":[{"embeddable":true,"href":"https:\/\/indooptical.com\/br\/wp-json\/wp\/v2\/users\/1"}],"replies":[{"embeddable":true,"href":"https:\/\/indooptical.com\/br\/wp-json\/wp\/v2\/comments?post=12764"}],"version-history":[{"count":1,"href":"https:\/\/indooptical.com\/br\/wp-json\/wp\/v2\/pages\/12764\/revisions"}],"predecessor-version":[{"id":21501,"href":"https:\/\/indooptical.com\/br\/wp-json\/wp\/v2\/pages\/12764\/revisions\/21501"}],"wp:attachment":[{"href":"https:\/\/indooptical.com\/br\/wp-json\/wp\/v2\/media?parent=12764"}],"curies":[{"name":"wp","href":"https:\/\/api.w.org\/{rel}","templated":true}]}}